{"id":643,"date":"2025-01-06T12:45:35","date_gmt":"2025-01-06T12:45:35","guid":{"rendered":"https:\/\/lift.tw\/zh2\/index.php\/%e5%90%88%e4%bd%9c%e5%a4%a5%e4%bc%b4\/"},"modified":"2025-12-09T10:51:19","modified_gmt":"2025-12-09T10:51:19","slug":"%e5%90%88%e4%bd%9c%e5%a4%a5%e4%bc%b4","status":"publish","type":"page","link":"https:\/\/lift.tw\/zh\/%e5%90%88%e4%bd%9c%e5%a4%a5%e4%bc%b4\/","title":{"rendered":"\u5408\u4f5c\u5925\u4f34"},"content":{"rendered":"\t\t<div data-elementor-type=\"wp-page\" data-elementor-id=\"643\" class=\"elementor elementor-643\" data-elementor-post-type=\"page\">\n\t\t\t\t<div class=\"elementor-element elementor-element-7d702893 e-flex e-con-boxed e-con e-parent\" data-id=\"7d702893\" data-element_type=\"container\" data-e-type=\"container\" data-settings=\"{&quot;background_background&quot;:&quot;classic&quot;}\">\n\t\t\t\t\t<div class=\"e-con-inner\">\n\t\t<div class=\"elementor-element elementor-element-3ef1d1cd e-flex e-con-boxed e-con e-child\" data-id=\"3ef1d1cd\" data-element_type=\"container\" data-e-type=\"container\" data-settings=\"{&quot;background_background&quot;:&quot;classic&quot;}\">\n\t\t\t\t\t<div class=\"e-con-inner\">\n\t\t\t\t<div class=\"elementor-element elementor-element-25bab932 animated-slow elementor-invisible elementor-widget elementor-widget-heading\" data-id=\"25bab932\" data-element_type=\"widget\" data-e-type=\"widget\" data-settings=\"{&quot;_animation&quot;:&quot;slideInDown&quot;}\" data-widget_type=\"heading.default\">\n\t\t\t\t<div class=\"elementor-widget-container\">\n\t\t\t\t\t<h1 class=\"elementor-heading-title elementor-size-default\">\u5408\u4f5c\u5925\u4f34<\/h1>\t\t\t\t<\/div>\n\t\t\t\t<\/div>\n\t\t\t\t\t<\/div>\n\t\t\t\t<\/div>\n\t\t\t\t\t<\/div>\n\t\t\t\t<\/div>\n\t\t<div class=\"elementor-element elementor-element-470f2289 e-flex e-con-boxed e-con e-parent\" data-id=\"470f2289\" data-element_type=\"container\" data-e-type=\"container\" data-settings=\"{&quot;background_background&quot;:&quot;classic&quot;}\">\n\t\t\t\t\t<div class=\"e-con-inner\">\n\t\t<div class=\"elementor-element elementor-element-245881ef e-flex e-con-boxed e-con e-child\" data-id=\"245881ef\" data-element_type=\"container\" data-e-type=\"container\" data-settings=\"{&quot;background_background&quot;:&quot;classic&quot;}\">\n\t\t\t\t\t<div class=\"e-con-inner\">\n\t\t\t\t<div class=\"elementor-element elementor-element-6ab037d3 elementor-widget elementor-widget-text-editor\" data-id=\"6ab037d3\" data-element_type=\"widget\" data-e-type=\"widget\" data-widget_type=\"text-editor.default\">\n\t\t\t\t<div class=\"elementor-widget-container\">\n\t\t\t\t\t\t\t\t\t<p>LIFT\u53d7\u5230\u8a31\u591a\u7684\u653f\u6cbb\u8207\u5916\u4ea4\u652f\u6301\u3002<\/p><p>LIFT\u8207\u6cd5\u570b\u548c\u53f0\u7063\u7684\u4e3b\u8981\u653f\u7b56\u76f8\u547c\u61c9\u3002 LIFT \u5be6\u73fe\u4e86\u5728\u53f0\u6cd5\u570b\u5b78\u751f\u4eba\u6578\u500d\u984d\u6210\u9577\u7684\u76ee\u6a19\uff082018 \u5e74\u4fc3\u9032\u6cd5\u8a9e\u548c\u591a\u8a9e\u5236\u7684\u8a08\u5283\uff09\uff0c\u70ba\u53f0\u7063\u6240\u8a2d\u7acb 2030 \u5e74\u6210\u70ba\u96d9\u8a9e\u570b\u5bb6\u7684\u76ee\u6a19\u505a\u51fa\u8ca2\u737b\u3002 LIFT \u53d7\u76ca\u65bc\u6cd5\u570b\u5728\u81fa\u5354\u6703\u548c\u53f0\u5317\u5e02\u653f\u5e9c\u7684\u652f\u6301\u3002<\/p>\t\t\t\t\t\t\t\t<\/div>\n\t\t\t\t<\/div>\n\t\t\t\t<div class=\"elementor-element elementor-element-28b68e8f elementor-widget elementor-widget-text-editor\" data-id=\"28b68e8f\" data-element_type=\"widget\" data-e-type=\"widget\" data-widget_type=\"text-editor.default\">\n\t\t\t\t<div class=\"elementor-widget-container\">\n\t\t\t\t\t\t\t\t\t<p><img fetchpriority=\"high\" decoding=\"async\" class=\"alignleft wp-image-553\" src=\"https:\/\/lift.tw\/wp-content\/uploads\/2021\/11\/lift_partenaire-01.jpg\" alt=\"\" width=\"300\" height=\"225\" \/><\/p><p><em>\u201c\u6211\u5411\u60a8\u4fdd\u8b49\uff0c\u6cd5\u570b\u5728\u81fa\u5354\u6703\u548c\u6cd5\u570b\u5c07\u63d0\u4f9b 200% \u7684\u5168\u529b\u652f\u6301\u3002 \u6642\u6a5f\u6210\u719f\u6642\uff0c\u6211\u5011\u5c07\u5728\u6cd5\u570b\u6d77\u5916\u6559\u80b2\u7f72 AEFE \u7684\u8a8d\u53ef\u4e2d\u4ee5\u4e0d\u540c\u65b9\u5f0f\u8868\u9054\u6211\u5011\u7684\u652f\u6301\u3002\u201d<\/em><\/p><p><strong>\u516c\u5b6b\u5b5f\u5148\u751f<br \/>\u6cd5\u570b\u5728\u81fa\u5354\u6703\u4e3b\u4efb<br \/>2021 \u5e74 10 \u6708<\/strong><\/p>\t\t\t\t\t\t\t\t<\/div>\n\t\t\t\t<\/div>\n\t\t\t\t<div class=\"elementor-element elementor-element-9de0289 elementor-widget elementor-widget-text-editor\" data-id=\"9de0289\" data-element_type=\"widget\" data-e-type=\"widget\" data-widget_type=\"text-editor.default\">\n\t\t\t\t<div class=\"elementor-widget-container\">\n\t\t\t\t\t\t\t\t\t<p><img decoding=\"async\" class=\"alignleft wp-image-5889\" src=\"https:\/\/lift.tw\/wp-content\/uploads\/2025\/05\/Franck-Paris.webp\" alt=\"\" width=\"300\" height=\"200\" \/><\/p><p><em>\u300c\u6c92\u6709\u6bd4\u5275\u8fa6\u4e00\u6240\u5b78\u6821\u66f4\u5049\u5927\u7684\u8a08\u756b\u4e86\u3002LIFT \u8a08\u756b\u662f\u4e00\u500b\u516c\u6c11\u8a08\u756b\uff0c\u8a08\u756b\u80fd\u5920\u5be6\u73fe\uff0c\u662f\u56e0\u70ba\u6709\u4e00\u7fa4\u4eba\u5171\u540c\u65bc\u4e00\u500b\u5f37\u800c\u6709\u529b\u7684\u6559\u80b2\u7406\u5ff5\u52aa\u529b\u3002\u9019\u6bb5\u7368\u7279\u7684\u7d93\u6b77\u5c07\u8b93\u5b69\u5b50\u5011\u80fd\u5920\u5145\u5206\u6210\u9577\uff0c\u4e26\u5f9e\u6cd5\u570b\u8207\u81fa\u7063\u6587\u5316\u4e2d\u6c72\u53d6\u7cbe\u83ef\u3002\u5b83\u8b93\u6211\u5011\u5171\u540c\u7684\u50f9\u503c\u89c0\u5177\u9ad4\u5be6\u8e10\u51fa\u4f86\uff1a\u767c\u5c55\u6279\u5224\u6027\u601d\u7dad\u3001\u5275\u9020\u529b\u8207\u95dc\u61f7\u4e4b\u5fc3\u3002\u300d<\/em><\/p><p><strong>\u2014\u2014 \u6cd5\u570b\u5728\u53f0\u5354\u6703\u4e3b\u4efb Franck Paris \u5148\u751f<\/strong><\/p>\t\t\t\t\t\t\t\t<\/div>\n\t\t\t\t<\/div>\n\t\t\t\t<div class=\"elementor-element elementor-element-3706586 elementor-widget elementor-widget-text-editor\" data-id=\"3706586\" data-element_type=\"widget\" data-e-type=\"widget\" data-widget_type=\"text-editor.default\">\n\t\t\t\t<div class=\"elementor-widget-container\">\n\t\t\t\t\t\t\t\t\t<p><img decoding=\"async\" class=\"alignleft wp-image-556\" src=\"https:\/\/lift.tw\/wp-content\/uploads\/2021\/11\/lift_partenaire-02.jpg\" alt=\"\" width=\"300\" height=\"200\" \/><\/p><p><em>\u201c\u9019\u662f\u4e00\u500b\u570b\u969b\u5316\u548c\u5efa\u7acb\u96d9\u8a9e\u6559\u80b2\u7684\u7d55\u4f73\u6a5f\u6703\uff0c\u672a\u4f86LIFT\u5b78\u751f\u5c07\u66f4\u878d\u5165\u570b\u969b\u793e\u6703\u3002\u67ef\u6587\u54f2\u5e02\u9577\u4e5f\u8868\u9054\u4ed6\u5c0d\u6211\u5011\u7684\u795d\u8cc0\u201d<\/em><\/p><p><strong>\u8521\u70b3\u5764\u5148\u751f<br \/>\u53f0\u5317\u5e02\u526f\u5e02\u9577<br \/>2021 \u5e74 10 \u6708<\/strong><\/p>\t\t\t\t\t\t\t\t<\/div>\n\t\t\t\t<\/div>\n\t\t\t\t<div class=\"elementor-element elementor-element-102cca elementor-widget elementor-widget-text-editor\" data-id=\"102cca\" data-element_type=\"widget\" data-e-type=\"widget\" data-widget_type=\"text-editor.default\">\n\t\t\t\t<div class=\"elementor-widget-container\">\n\t\t\t\t\t\t\t\t\t<p><img loading=\"lazy\" decoding=\"async\" class=\"alignleft wp-image-555\" src=\"https:\/\/lift.tw\/wp-content\/uploads\/2021\/11\/lift_partenaire-03.jpg\" alt=\"\" width=\"300\" height=\"165\" \/><\/p><p><em>\u505a\u70ba\u53f0\u6cd5\u95dc\u4fc2\u7684\u91cd\u8981\u9805\u76ee\u548c\u8c61\u5fb5\uff0c\u6cd5\u570b\u53c3\u8b70\u9662\u4ee3\u8868\u5718\u5c0dLIFT\u5718\u968a\u8fd1\u5e7e\u500b\u6708\u7684\u9032\u5c55\u5145\u6eff\u71b1\u60c5\uff0c\u5c07\u6cd5\u570b\u5c0d LIFT\u7684\u652f\u6301\u63d0\u5347\u5230\u201c\u7b56\u7565\u548c\u8c61\u5fb5\u201d\u7684\u7b49\u7d1a\u3002<\/em><\/p><p><strong>\u7531\u6cd5\u570b\u524d\u570b\u9632\u90e8\u9577\u963f\u862d\u00b7\u7406\u67e5\u5fb7\u5148\u751f\u7387\u9818\u7684\u53c3\u8b70\u9662\u4ee3\u8868\u5718\u3002<br \/>2021 \u5e74 10 \u6708<\/strong><\/p>\t\t\t\t\t\t\t\t<\/div>\n\t\t\t\t<\/div>\n\t\t\t\t<div class=\"elementor-element elementor-element-770f6003 elementor-widget elementor-widget-text-editor\" data-id=\"770f6003\" data-element_type=\"widget\" data-e-type=\"widget\" data-widget_type=\"text-editor.default\">\n\t\t\t\t<div class=\"elementor-widget-container\">\n\t\t\t\t\t\t\t\t\t<p><img loading=\"lazy\" decoding=\"async\" class=\"alignleft wp-image-5888\" src=\"https:\/\/lift.tw\/wp-content\/uploads\/2025\/05\/Anne-Genetet.webp\" alt=\"\" width=\"300\" height=\"200\" \/><\/p><p><em>\u201c\u6211\u5c07\u652f\u6301LIFT\u7684\u9019\u500b\u8a08\u756b\uff0c\u4e26\u5c07\u53c3\u8207\u9019\u500b\u8a08\u756b\u7684\u6bcf\u500b\u91cd\u8981\u91cc\u7a0b\u7891\u201d<\/em><\/p><p><strong>\u6cd5\u570b\u570b\u6c11\u8b70\u6703\u8b70\u54e1\u5b89\u59ae\u00b7\u71b1\u5167\u7279 (Anne Genetet) \u4ee3\u8868\u6d77\u5916\u6cd5\u570b\u5c45\u6c11\u7684\u7b2c\u5341\u4e00\u500b\u9078\u5340\u3002<br \/>2019 \u5e74 11 \u6708<\/strong><\/p><p><a href=\"https:\/\/www.facebook.com\/watch\/?v=555574735269385\" target=\"_blank\" rel=\"noopener\">Ecole fran\u00e7aise \u00e0 Taipei: une alternative \u00e0 l&#8217;\u00e9cole europ\u00e9enne<\/a> ?<\/p>\t\t\t\t\t\t\t\t<\/div>\n\t\t\t\t<\/div>\n\t\t\t\t\t<\/div>\n\t\t\t\t<\/div>\n\t\t\t\t\t<\/div>\n\t\t\t\t<\/div>\n\t\t\t\t<\/div>\n\t\t","protected":false},"excerpt":{"rendered":"<p>\u5408\u4f5c\u5925\u4f34 LIFT\u53d7\u5230\u8a31\u591a\u7684\u653f\u6cbb\u8207\u5916\u4ea4\u652f\u6301\u3002 LIFT\u8207\u6cd5\u570b\u548c\u53f0\u7063\u7684\u4e3b\u8981\u653f\u7b56\u76f8\u547c\u61c9\u3002 LIFT \u5be6\u73fe\u4e86\u5728\u53f0\u6cd5\u570b [&hellip;]<\/p>\n","protected":false},"author":1,"featured_media":0,"parent":0,"menu_order":0,"comment_status":"closed","ping_status":"closed","template":"","meta":{"iawp_total_views":174,"footnotes":""},"class_list":["post-643","page","type-page","status-publish","hentry"],"yoast_head":"<!-- This site is optimized with the Yoast SEO plugin v27.0 - https:\/\/yoast.com\/product\/yoast-seo-wordpress\/ -->\n<title>\u5408\u4f5c\u5925\u4f34 - Lyc\u00e9e International Fran\u00e7ais de Taipei (LIFT)<\/title>\n<meta name=\"robots\" content=\"index, follow, max-snippet:-1, max-image-preview:large, max-video-preview:-1\" \/>\n<link rel=\"canonical\" href=\"https:\/\/lift.tw\/zh\/\u5408\u4f5c\u5925\u4f34\/\" \/>\n<meta property=\"og:locale\" content=\"zh_TW\" \/>\n<meta property=\"og:type\" content=\"article\" \/>\n<meta property=\"og:title\" content=\"\u5408\u4f5c\u5925\u4f34 - Lyc\u00e9e International Fran\u00e7ais de Taipei (LIFT)\" \/>\n<meta property=\"og:description\" content=\"\u5408\u4f5c\u5925\u4f34 LIFT\u53d7\u5230\u8a31\u591a\u7684\u653f\u6cbb\u8207\u5916\u4ea4\u652f\u6301\u3002 LIFT\u8207\u6cd5\u570b\u548c\u53f0\u7063\u7684\u4e3b\u8981\u653f\u7b56\u76f8\u547c\u61c9\u3002 LIFT \u5be6\u73fe\u4e86\u5728\u53f0\u6cd5\u570b [&hellip;]\" \/>\n<meta property=\"og:url\" content=\"https:\/\/lift.tw\/zh\/\u5408\u4f5c\u5925\u4f34\/\" \/>\n<meta property=\"og:site_name\" content=\"Lyc\u00e9e International Fran\u00e7ais de Taipei (LIFT)\" \/>\n<meta property=\"article:modified_time\" content=\"2025-12-09T10:51:19+00:00\" \/>\n<meta property=\"og:image\" content=\"https:\/\/lift.tw\/zh\/wp-content\/uploads\/2025\/01\/2022-05-30-PERS-Classe-3-2.jpg\" \/>\n\t<meta property=\"og:image:width\" content=\"1230\" \/>\n\t<meta property=\"og:image:height\" content=\"517\" \/>\n\t<meta property=\"og:image:type\" content=\"image\/jpeg\" \/>\n<meta name=\"twitter:card\" content=\"summary_large_image\" \/>\n<meta name=\"twitter:label1\" content=\"\u9810\u4f30\u95b1\u8b80\u6642\u9593\" \/>\n\t<meta name=\"twitter:data1\" content=\"2 \u5206\u9418\" \/>\n<script type=\"application\/ld+json\" class=\"yoast-schema-graph\">{\"@context\":\"https:\/\/schema.org\",\"@graph\":[{\"@type\":\"WebPage\",\"@id\":\"https:\/\/lift.tw\/zh\/%e5%90%88%e4%bd%9c%e5%a4%a5%e4%bc%b4\/\",\"url\":\"https:\/\/lift.tw\/zh\/%e5%90%88%e4%bd%9c%e5%a4%a5%e4%bc%b4\/\",\"name\":\"\u5408\u4f5c\u5925\u4f34 - Lyc\u00e9e International Fran\u00e7ais de Taipei (LIFT)\",\"isPartOf\":{\"@id\":\"https:\/\/lift.tw\/zh\/#website\"},\"primaryImageOfPage\":{\"@id\":\"https:\/\/lift.tw\/zh\/%e5%90%88%e4%bd%9c%e5%a4%a5%e4%bc%b4\/#primaryimage\"},\"image\":{\"@id\":\"https:\/\/lift.tw\/zh\/%e5%90%88%e4%bd%9c%e5%a4%a5%e4%bc%b4\/#primaryimage\"},\"thumbnailUrl\":\"https:\/\/lift.tw\/wp-content\/uploads\/2021\/11\/lift_partenaire-01.jpg\",\"datePublished\":\"2025-01-06T12:45:35+00:00\",\"dateModified\":\"2025-12-09T10:51:19+00:00\",\"breadcrumb\":{\"@id\":\"https:\/\/lift.tw\/zh\/%e5%90%88%e4%bd%9c%e5%a4%a5%e4%bc%b4\/#breadcrumb\"},\"inLanguage\":\"zh-TW\",\"potentialAction\":[{\"@type\":\"ReadAction\",\"target\":[\"https:\/\/lift.tw\/zh\/%e5%90%88%e4%bd%9c%e5%a4%a5%e4%bc%b4\/\"]}]},{\"@type\":\"ImageObject\",\"inLanguage\":\"zh-TW\",\"@id\":\"https:\/\/lift.tw\/zh\/%e5%90%88%e4%bd%9c%e5%a4%a5%e4%bc%b4\/#primaryimage\",\"url\":\"https:\/\/lift.tw\/wp-content\/uploads\/2021\/11\/lift_partenaire-01.jpg\",\"contentUrl\":\"https:\/\/lift.tw\/wp-content\/uploads\/2021\/11\/lift_partenaire-01.jpg\"},{\"@type\":\"BreadcrumbList\",\"@id\":\"https:\/\/lift.tw\/zh\/%e5%90%88%e4%bd%9c%e5%a4%a5%e4%bc%b4\/#breadcrumb\",\"itemListElement\":[{\"@type\":\"ListItem\",\"position\":1,\"name\":\"Home\",\"item\":\"https:\/\/lift.tw\/zh\/\"},{\"@type\":\"ListItem\",\"position\":2,\"name\":\"\u5408\u4f5c\u5925\u4f34\"}]},{\"@type\":\"WebSite\",\"@id\":\"https:\/\/lift.tw\/zh\/#website\",\"url\":\"https:\/\/lift.tw\/zh\/\",\"name\":\"Lyc\u00e9e International Fran\u00e7ais de Taipei (LIFT)\",\"description\":\"\",\"potentialAction\":[{\"@type\":\"SearchAction\",\"target\":{\"@type\":\"EntryPoint\",\"urlTemplate\":\"https:\/\/lift.tw\/zh\/?s={search_term_string}\"},\"query-input\":{\"@type\":\"PropertyValueSpecification\",\"valueRequired\":true,\"valueName\":\"search_term_string\"}}],\"inLanguage\":\"zh-TW\"}]}<\/script>\n<!-- \/ Yoast SEO plugin. -->","yoast_head_json":{"title":"\u5408\u4f5c\u5925\u4f34 - Lyc\u00e9e International Fran\u00e7ais de Taipei (LIFT)","robots":{"index":"index","follow":"follow","max-snippet":"max-snippet:-1","max-image-preview":"max-image-preview:large","max-video-preview":"max-video-preview:-1"},"canonical":"https:\/\/lift.tw\/zh\/\u5408\u4f5c\u5925\u4f34\/","og_locale":"zh_TW","og_type":"article","og_title":"\u5408\u4f5c\u5925\u4f34 - Lyc\u00e9e International Fran\u00e7ais de Taipei (LIFT)","og_description":"\u5408\u4f5c\u5925\u4f34 LIFT\u53d7\u5230\u8a31\u591a\u7684\u653f\u6cbb\u8207\u5916\u4ea4\u652f\u6301\u3002 LIFT\u8207\u6cd5\u570b\u548c\u53f0\u7063\u7684\u4e3b\u8981\u653f\u7b56\u76f8\u547c\u61c9\u3002 LIFT \u5be6\u73fe\u4e86\u5728\u53f0\u6cd5\u570b [&hellip;]","og_url":"https:\/\/lift.tw\/zh\/\u5408\u4f5c\u5925\u4f34\/","og_site_name":"Lyc\u00e9e International Fran\u00e7ais de Taipei (LIFT)","article_modified_time":"2025-12-09T10:51:19+00:00","og_image":[{"width":1230,"height":517,"url":"https:\/\/lift.tw\/zh\/wp-content\/uploads\/2025\/01\/2022-05-30-PERS-Classe-3-2.jpg","type":"image\/jpeg"}],"twitter_card":"summary_large_image","twitter_misc":{"\u9810\u4f30\u95b1\u8b80\u6642\u9593":"2 \u5206\u9418"},"schema":{"@context":"https:\/\/schema.org","@graph":[{"@type":"WebPage","@id":"https:\/\/lift.tw\/zh\/%e5%90%88%e4%bd%9c%e5%a4%a5%e4%bc%b4\/","url":"https:\/\/lift.tw\/zh\/%e5%90%88%e4%bd%9c%e5%a4%a5%e4%bc%b4\/","name":"\u5408\u4f5c\u5925\u4f34 - Lyc\u00e9e International Fran\u00e7ais de Taipei (LIFT)","isPartOf":{"@id":"https:\/\/lift.tw\/zh\/#website"},"primaryImageOfPage":{"@id":"https:\/\/lift.tw\/zh\/%e5%90%88%e4%bd%9c%e5%a4%a5%e4%bc%b4\/#primaryimage"},"image":{"@id":"https:\/\/lift.tw\/zh\/%e5%90%88%e4%bd%9c%e5%a4%a5%e4%bc%b4\/#primaryimage"},"thumbnailUrl":"https:\/\/lift.tw\/wp-content\/uploads\/2021\/11\/lift_partenaire-01.jpg","datePublished":"2025-01-06T12:45:35+00:00","dateModified":"2025-12-09T10:51:19+00:00","breadcrumb":{"@id":"https:\/\/lift.tw\/zh\/%e5%90%88%e4%bd%9c%e5%a4%a5%e4%bc%b4\/#breadcrumb"},"inLanguage":"zh-TW","potentialAction":[{"@type":"ReadAction","target":["https:\/\/lift.tw\/zh\/%e5%90%88%e4%bd%9c%e5%a4%a5%e4%bc%b4\/"]}]},{"@type":"ImageObject","inLanguage":"zh-TW","@id":"https:\/\/lift.tw\/zh\/%e5%90%88%e4%bd%9c%e5%a4%a5%e4%bc%b4\/#primaryimage","url":"https:\/\/lift.tw\/wp-content\/uploads\/2021\/11\/lift_partenaire-01.jpg","contentUrl":"https:\/\/lift.tw\/wp-content\/uploads\/2021\/11\/lift_partenaire-01.jpg"},{"@type":"BreadcrumbList","@id":"https:\/\/lift.tw\/zh\/%e5%90%88%e4%bd%9c%e5%a4%a5%e4%bc%b4\/#breadcrumb","itemListElement":[{"@type":"ListItem","position":1,"name":"Home","item":"https:\/\/lift.tw\/zh\/"},{"@type":"ListItem","position":2,"name":"\u5408\u4f5c\u5925\u4f34"}]},{"@type":"WebSite","@id":"https:\/\/lift.tw\/zh\/#website","url":"https:\/\/lift.tw\/zh\/","name":"Lyc\u00e9e International Fran\u00e7ais de Taipei (LIFT)","description":"","potentialAction":[{"@type":"SearchAction","target":{"@type":"EntryPoint","urlTemplate":"https:\/\/lift.tw\/zh\/?s={search_term_string}"},"query-input":{"@type":"PropertyValueSpecification","valueRequired":true,"valueName":"search_term_string"}}],"inLanguage":"zh-TW"}]}},"_links":{"self":[{"href":"https:\/\/lift.tw\/zh\/wp-json\/wp\/v2\/pages\/643","targetHints":{"allow":["GET"]}}],"collection":[{"href":"https:\/\/lift.tw\/zh\/wp-json\/wp\/v2\/pages"}],"about":[{"href":"https:\/\/lift.tw\/zh\/wp-json\/wp\/v2\/types\/page"}],"author":[{"embeddable":true,"href":"https:\/\/lift.tw\/zh\/wp-json\/wp\/v2\/users\/1"}],"replies":[{"embeddable":true,"href":"https:\/\/lift.tw\/zh\/wp-json\/wp\/v2\/comments?post=643"}],"version-history":[{"count":7,"href":"https:\/\/lift.tw\/zh\/wp-json\/wp\/v2\/pages\/643\/revisions"}],"predecessor-version":[{"id":1273,"href":"https:\/\/lift.tw\/zh\/wp-json\/wp\/v2\/pages\/643\/revisions\/1273"}],"wp:attachment":[{"href":"https:\/\/lift.tw\/zh\/wp-json\/wp\/v2\/media?parent=643"}],"curies":[{"name":"wp","href":"https:\/\/api.w.org\/{rel}","templated":true}]}}