{"id":625,"date":"2025-01-06T12:45:33","date_gmt":"2025-01-06T12:45:33","guid":{"rendered":"https:\/\/lift.tw\/zh2\/index.php\/%e6%88%91%e5%80%91%e7%9a%84%e6%95%99%e8%82%b2%e8%a8%88%e7%95%ab\/"},"modified":"2026-01-14T03:02:57","modified_gmt":"2026-01-14T03:02:57","slug":"%e6%88%91%e5%80%91%e7%9a%84%e6%95%99%e8%82%b2%e8%a8%88%e7%95%ab","status":"publish","type":"page","link":"https:\/\/lift.tw\/zh\/%e6%88%91%e5%80%91%e7%9a%84%e6%95%99%e8%82%b2%e8%a8%88%e7%95%ab\/","title":{"rendered":"\u6211\u5011\u7684\u6559\u80b2\u8a08\u756b"},"content":{"rendered":"\t\t<div data-elementor-type=\"wp-page\" data-elementor-id=\"625\" class=\"elementor elementor-625\" data-elementor-post-type=\"page\">\n\t\t\t\t<div class=\"elementor-element elementor-element-61fa772c e-flex e-con-boxed e-con e-parent\" data-id=\"61fa772c\" data-element_type=\"container\" data-e-type=\"container\" data-settings=\"{&quot;background_background&quot;:&quot;classic&quot;}\">\n\t\t\t\t\t<div class=\"e-con-inner\">\n\t\t<div class=\"elementor-element elementor-element-1c19f311 e-flex e-con-boxed e-con e-child\" data-id=\"1c19f311\" data-element_type=\"container\" data-e-type=\"container\" data-settings=\"{&quot;background_background&quot;:&quot;classic&quot;}\">\n\t\t\t\t\t<div class=\"e-con-inner\">\n\t\t\t\t<div class=\"elementor-element elementor-element-4124ecea animated-slow elementor-invisible elementor-widget elementor-widget-heading\" data-id=\"4124ecea\" data-element_type=\"widget\" data-e-type=\"widget\" data-settings=\"{&quot;_animation&quot;:&quot;slideInDown&quot;}\" data-widget_type=\"heading.default\">\n\t\t\t\t<div class=\"elementor-widget-container\">\n\t\t\t\t\t<h1 class=\"elementor-heading-title elementor-size-default\">Notre projet d'\u00e9tablissement<\/h1>\t\t\t\t<\/div>\n\t\t\t\t<\/div>\n\t\t\t\t\t<\/div>\n\t\t\t\t<\/div>\n\t\t\t\t\t<\/div>\n\t\t\t\t<\/div>\n\t\t<div class=\"elementor-element elementor-element-42dd2ec7 e-flex e-con-boxed e-con e-parent\" data-id=\"42dd2ec7\" data-element_type=\"container\" data-e-type=\"container\" data-settings=\"{&quot;background_background&quot;:&quot;classic&quot;}\">\n\t\t\t\t\t<div class=\"e-con-inner\">\n\t\t<div class=\"elementor-element elementor-element-64a21bf8 e-flex e-con-boxed e-con e-child\" data-id=\"64a21bf8\" data-element_type=\"container\" data-e-type=\"container\" data-settings=\"{&quot;background_background&quot;:&quot;classic&quot;}\">\n\t\t\t\t\t<div class=\"e-con-inner\">\n\t\t\t\t<div class=\"elementor-element elementor-element-34c2f44e elementor-widget elementor-widget-text-editor\" data-id=\"34c2f44e\" data-element_type=\"widget\" data-e-type=\"widget\" data-widget_type=\"text-editor.default\">\n\t\t\t\t<div class=\"elementor-widget-container\">\n\t\t\t\t\t\t\t\t\t<p>2023\u20132026\u6a5f\u69cb\u8a08\u756b\uff1a\u70ba\u672a\u4f86\u4e16\u754c\u6253\u9020\u591a\u8a9e\u80fd\u529b<\/p>\n<p><strong>\u91cd\u9ede\u4e00<\/strong>\uff1a\u652f\u6301\u5feb\u6a02\u4e14\u5145\u6eff\u6d3b\u529b\u7684\u591a\u8a9e\u8a00\u8207\u591a\u6587\u5316\u8a8d\u540c\u767c\u5c55<\/p>\n<p><strong>\u91cd\u9ede\u4e8c\uff1a<\/strong>\u57f9\u990a\u91cd\u8996\u6bcf\u4f4d\u5b78\u751f\u6210\u529f\u8207\u500b\u4eba\u6210\u9577\u7684\u6559\u80b2\u5171\u540c\u9ad4<\/p>\n<p><strong>\u91cd\u9ede\u4e09\uff1a<\/strong>\u5851\u9020\u672a\u4f86\u7a4d\u6975\u6295\u5165\u793e\u6703\u7684\u516c\u6c11<\/p>\n<p><a href=\"https:\/\/lift.tw\/wp-content\/uploads\/2025\/03\/projet-d-etablissement-lift-2023-2026.pdf\" target=\"_blank\" rel=\"noopener\">T\u00e9l\u00e9charger le projet d\u2019\u00e9tablissement 2023 &#8211; 2026<\/a><\/p>\t\t\t\t\t\t\t\t<\/div>\n\t\t\t\t<\/div>\n\t\t\t\t\t<\/div>\n\t\t\t\t<\/div>\n\t\t\t\t\t<\/div>\n\t\t\t\t<\/div>\n\t\t\t\t<\/div>\n\t\t","protected":false},"excerpt":{"rendered":"<p>Notre projet d&#8217;\u00e9tablissement 2023\u20132026\u6a5f\u69cb\u8a08\u756b\uff1a\u70ba\u672a\u4f86\u4e16\u754c\u6253 [&hellip;]<\/p>\n","protected":false},"author":1,"featured_media":0,"parent":0,"menu_order":0,"comment_status":"closed","ping_status":"closed","template":"","meta":{"iawp_total_views":961,"footnotes":""},"class_list":["post-625","page","type-page","status-publish","hentry"],"yoast_head":"<!-- This site is optimized with the Yoast SEO plugin v27.0 - https:\/\/yoast.com\/product\/yoast-seo-wordpress\/ -->\n<title>\u6211\u5011\u7684\u6559\u80b2\u8a08\u756b - Lyc\u00e9e International Fran\u00e7ais de Taipei (LIFT)<\/title>\n<meta name=\"robots\" content=\"index, follow, max-snippet:-1, max-image-preview:large, max-video-preview:-1\" \/>\n<link rel=\"canonical\" href=\"https:\/\/lift.tw\/zh\/\u6211\u5011\u7684\u6559\u80b2\u8a08\u756b\/\" \/>\n<meta property=\"og:locale\" content=\"zh_TW\" \/>\n<meta property=\"og:type\" content=\"article\" \/>\n<meta property=\"og:title\" content=\"\u6211\u5011\u7684\u6559\u80b2\u8a08\u756b - Lyc\u00e9e International Fran\u00e7ais de Taipei (LIFT)\" \/>\n<meta property=\"og:description\" content=\"Notre projet d&#8217;\u00e9tablissement 2023\u20132026\u6a5f\u69cb\u8a08\u756b\uff1a\u70ba\u672a\u4f86\u4e16\u754c\u6253 [&hellip;]\" \/>\n<meta property=\"og:url\" content=\"https:\/\/lift.tw\/zh\/\u6211\u5011\u7684\u6559\u80b2\u8a08\u756b\/\" \/>\n<meta property=\"og:site_name\" content=\"Lyc\u00e9e International Fran\u00e7ais de Taipei (LIFT)\" \/>\n<meta property=\"article:modified_time\" content=\"2026-01-14T03:02:57+00:00\" \/>\n<meta name=\"twitter:card\" content=\"summary_large_image\" \/>\n<meta name=\"twitter:label1\" content=\"\u9810\u4f30\u95b1\u8b80\u6642\u9593\" \/>\n\t<meta name=\"twitter:data1\" content=\"1 \u5206\u9418\" \/>\n<script type=\"application\/ld+json\" class=\"yoast-schema-graph\">{\"@context\":\"https:\/\/schema.org\",\"@graph\":[{\"@type\":\"WebPage\",\"@id\":\"https:\/\/lift.tw\/zh\/%e6%88%91%e5%80%91%e7%9a%84%e6%95%99%e8%82%b2%e8%a8%88%e7%95%ab\/\",\"url\":\"https:\/\/lift.tw\/zh\/%e6%88%91%e5%80%91%e7%9a%84%e6%95%99%e8%82%b2%e8%a8%88%e7%95%ab\/\",\"name\":\"\u6211\u5011\u7684\u6559\u80b2\u8a08\u756b - Lyc\u00e9e International Fran\u00e7ais de Taipei (LIFT)\",\"isPartOf\":{\"@id\":\"https:\/\/lift.tw\/zh\/#website\"},\"datePublished\":\"2025-01-06T12:45:33+00:00\",\"dateModified\":\"2026-01-14T03:02:57+00:00\",\"breadcrumb\":{\"@id\":\"https:\/\/lift.tw\/zh\/%e6%88%91%e5%80%91%e7%9a%84%e6%95%99%e8%82%b2%e8%a8%88%e7%95%ab\/#breadcrumb\"},\"inLanguage\":\"zh-TW\",\"potentialAction\":[{\"@type\":\"ReadAction\",\"target\":[\"https:\/\/lift.tw\/zh\/%e6%88%91%e5%80%91%e7%9a%84%e6%95%99%e8%82%b2%e8%a8%88%e7%95%ab\/\"]}]},{\"@type\":\"BreadcrumbList\",\"@id\":\"https:\/\/lift.tw\/zh\/%e6%88%91%e5%80%91%e7%9a%84%e6%95%99%e8%82%b2%e8%a8%88%e7%95%ab\/#breadcrumb\",\"itemListElement\":[{\"@type\":\"ListItem\",\"position\":1,\"name\":\"Home\",\"item\":\"https:\/\/lift.tw\/zh\/\"},{\"@type\":\"ListItem\",\"position\":2,\"name\":\"\u6211\u5011\u7684\u6559\u80b2\u8a08\u756b\"}]},{\"@type\":\"WebSite\",\"@id\":\"https:\/\/lift.tw\/zh\/#website\",\"url\":\"https:\/\/lift.tw\/zh\/\",\"name\":\"Lyc\u00e9e International Fran\u00e7ais de Taipei (LIFT)\",\"description\":\"\",\"potentialAction\":[{\"@type\":\"SearchAction\",\"target\":{\"@type\":\"EntryPoint\",\"urlTemplate\":\"https:\/\/lift.tw\/zh\/?s={search_term_string}\"},\"query-input\":{\"@type\":\"PropertyValueSpecification\",\"valueRequired\":true,\"valueName\":\"search_term_string\"}}],\"inLanguage\":\"zh-TW\"}]}<\/script>\n<!-- \/ Yoast SEO plugin. -->","yoast_head_json":{"title":"\u6211\u5011\u7684\u6559\u80b2\u8a08\u756b - Lyc\u00e9e International Fran\u00e7ais de Taipei (LIFT)","robots":{"index":"index","follow":"follow","max-snippet":"max-snippet:-1","max-image-preview":"max-image-preview:large","max-video-preview":"max-video-preview:-1"},"canonical":"https:\/\/lift.tw\/zh\/\u6211\u5011\u7684\u6559\u80b2\u8a08\u756b\/","og_locale":"zh_TW","og_type":"article","og_title":"\u6211\u5011\u7684\u6559\u80b2\u8a08\u756b - Lyc\u00e9e International Fran\u00e7ais de Taipei (LIFT)","og_description":"Notre projet d&#8217;\u00e9tablissement 2023\u20132026\u6a5f\u69cb\u8a08\u756b\uff1a\u70ba\u672a\u4f86\u4e16\u754c\u6253 [&hellip;]","og_url":"https:\/\/lift.tw\/zh\/\u6211\u5011\u7684\u6559\u80b2\u8a08\u756b\/","og_site_name":"Lyc\u00e9e International Fran\u00e7ais de Taipei (LIFT)","article_modified_time":"2026-01-14T03:02:57+00:00","twitter_card":"summary_large_image","twitter_misc":{"\u9810\u4f30\u95b1\u8b80\u6642\u9593":"1 \u5206\u9418"},"schema":{"@context":"https:\/\/schema.org","@graph":[{"@type":"WebPage","@id":"https:\/\/lift.tw\/zh\/%e6%88%91%e5%80%91%e7%9a%84%e6%95%99%e8%82%b2%e8%a8%88%e7%95%ab\/","url":"https:\/\/lift.tw\/zh\/%e6%88%91%e5%80%91%e7%9a%84%e6%95%99%e8%82%b2%e8%a8%88%e7%95%ab\/","name":"\u6211\u5011\u7684\u6559\u80b2\u8a08\u756b - Lyc\u00e9e International Fran\u00e7ais de Taipei (LIFT)","isPartOf":{"@id":"https:\/\/lift.tw\/zh\/#website"},"datePublished":"2025-01-06T12:45:33+00:00","dateModified":"2026-01-14T03:02:57+00:00","breadcrumb":{"@id":"https:\/\/lift.tw\/zh\/%e6%88%91%e5%80%91%e7%9a%84%e6%95%99%e8%82%b2%e8%a8%88%e7%95%ab\/#breadcrumb"},"inLanguage":"zh-TW","potentialAction":[{"@type":"ReadAction","target":["https:\/\/lift.tw\/zh\/%e6%88%91%e5%80%91%e7%9a%84%e6%95%99%e8%82%b2%e8%a8%88%e7%95%ab\/"]}]},{"@type":"BreadcrumbList","@id":"https:\/\/lift.tw\/zh\/%e6%88%91%e5%80%91%e7%9a%84%e6%95%99%e8%82%b2%e8%a8%88%e7%95%ab\/#breadcrumb","itemListElement":[{"@type":"ListItem","position":1,"name":"Home","item":"https:\/\/lift.tw\/zh\/"},{"@type":"ListItem","position":2,"name":"\u6211\u5011\u7684\u6559\u80b2\u8a08\u756b"}]},{"@type":"WebSite","@id":"https:\/\/lift.tw\/zh\/#website","url":"https:\/\/lift.tw\/zh\/","name":"Lyc\u00e9e International Fran\u00e7ais de Taipei (LIFT)","description":"","potentialAction":[{"@type":"SearchAction","target":{"@type":"EntryPoint","urlTemplate":"https:\/\/lift.tw\/zh\/?s={search_term_string}"},"query-input":{"@type":"PropertyValueSpecification","valueRequired":true,"valueName":"search_term_string"}}],"inLanguage":"zh-TW"}]}},"_links":{"self":[{"href":"https:\/\/lift.tw\/zh\/wp-json\/wp\/v2\/pages\/625","targetHints":{"allow":["GET"]}}],"collection":[{"href":"https:\/\/lift.tw\/zh\/wp-json\/wp\/v2\/pages"}],"about":[{"href":"https:\/\/lift.tw\/zh\/wp-json\/wp\/v2\/types\/page"}],"author":[{"embeddable":true,"href":"https:\/\/lift.tw\/zh\/wp-json\/wp\/v2\/users\/1"}],"replies":[{"embeddable":true,"href":"https:\/\/lift.tw\/zh\/wp-json\/wp\/v2\/comments?post=625"}],"version-history":[{"count":10,"href":"https:\/\/lift.tw\/zh\/wp-json\/wp\/v2\/pages\/625\/revisions"}],"predecessor-version":[{"id":1707,"href":"https:\/\/lift.tw\/zh\/wp-json\/wp\/v2\/pages\/625\/revisions\/1707"}],"wp:attachment":[{"href":"https:\/\/lift.tw\/zh\/wp-json\/wp\/v2\/media?parent=625"}],"curies":[{"name":"wp","href":"https:\/\/api.w.org\/{rel}","templated":true}]}}