{"id":509,"date":"2025-01-06T12:44:39","date_gmt":"2025-01-06T12:44:39","guid":{"rendered":"https:\/\/lift.tw\/zh2\/index.php\/%e5%aa%92%e9%ab%94%e6%8e%a1%e8%a8%aa\/"},"modified":"2025-01-06T12:45:50","modified_gmt":"2025-01-06T12:45:50","slug":"%e5%aa%92%e9%ab%94%e6%8e%a1%e8%a8%aa","status":"publish","type":"page","link":"https:\/\/lift.tw\/zh\/%e5%aa%92%e9%ab%94%e6%8e%a1%e8%a8%aa\/","title":{"rendered":"\u5a92\u9ad4\u63a1\u8a2a"},"content":{"rendered":"\t\t<div data-elementor-type=\"wp-page\" data-elementor-id=\"509\" class=\"elementor elementor-509\" data-elementor-post-type=\"page\">\n\t\t\t\t\t\t<section class=\"elementor-section elementor-top-section elementor-element elementor-element-29a827d5 elementor-section-height-min-height elementor-section-content-middle elementor-section-boxed elementor-section-height-default elementor-section-items-middle\" data-id=\"29a827d5\" data-element_type=\"section\" data-e-type=\"section\" data-settings=\"{&quot;background_background&quot;:&quot;classic&quot;}\">\n\t\t\t\t\t\t<div class=\"elementor-container elementor-column-gap-default\">\n\t\t\t\t\t<div class=\"elementor-column elementor-col-100 elementor-top-column elementor-element elementor-element-79120678\" data-id=\"79120678\" data-element_type=\"column\" data-e-type=\"column\">\n\t\t\t<div class=\"elementor-widget-wrap elementor-element-populated\">\n\t\t\t\t\t\t<div class=\"elementor-element elementor-element-3ca2ef0d elementor-widget elementor-widget-heading\" data-id=\"3ca2ef0d\" data-element_type=\"widget\" data-e-type=\"widget\" data-widget_type=\"heading.default\">\n\t\t\t\t<div class=\"elementor-widget-container\">\n\t\t\t\t\t<h1 class=\"elementor-heading-title elementor-size-default\">\u5a92\u9ad4\u63a1\u8a2a \n<\/h1>\t\t\t\t<\/div>\n\t\t\t\t<\/div>\n\t\t\t\t\t<\/div>\n\t\t<\/div>\n\t\t\t\t\t<\/div>\n\t\t<\/section>\n\t\t\t\t<section class=\"elementor-section elementor-top-section elementor-element elementor-element-330a1a81 elementor-section-boxed elementor-section-height-default elementor-section-height-default\" data-id=\"330a1a81\" data-element_type=\"section\" data-e-type=\"section\">\n\t\t\t\t\t\t<div class=\"elementor-container elementor-column-gap-default\">\n\t\t\t\t\t<div class=\"elementor-column elementor-col-100 elementor-top-column elementor-element elementor-element-57c2d33a\" data-id=\"57c2d33a\" data-element_type=\"column\" data-e-type=\"column\">\n\t\t\t<div class=\"elementor-widget-wrap elementor-element-populated\">\n\t\t\t\t\t\t<div class=\"elementor-element elementor-element-2bf9ecbf elementor-widget elementor-widget-text-editor\" data-id=\"2bf9ecbf\" data-element_type=\"widget\" data-e-type=\"widget\" data-widget_type=\"text-editor.default\">\n\t\t\t\t<div class=\"elementor-widget-container\">\n\t\t\t\t\t\t\t\t\tLIFT\u6587\u7ae0\u7cbe\u9078\u3002\t\t\t\t\t\t\t\t<\/div>\n\t\t\t\t<\/div>\n\t\t\t\t\t<\/div>\n\t\t<\/div>\n\t\t\t\t\t<\/div>\n\t\t<\/section>\n\t\t\t\t<section class=\"elementor-section elementor-top-section elementor-element elementor-element-36ed159c elementor-section-content-middle elementor-section-boxed elementor-section-height-default elementor-section-height-default\" data-id=\"36ed159c\" data-element_type=\"section\" data-e-type=\"section\" data-settings=\"{&quot;background_background&quot;:&quot;classic&quot;}\">\n\t\t\t\t\t\t<div class=\"elementor-container elementor-column-gap-no\">\n\t\t\t\t\t<div class=\"elementor-column elementor-col-100 elementor-top-column elementor-element elementor-element-50cc3292\" data-id=\"50cc3292\" data-element_type=\"column\" data-e-type=\"column\">\n\t\t\t<div class=\"elementor-widget-wrap elementor-element-populated\">\n\t\t\t\t\t\t<section class=\"elementor-section elementor-inner-section elementor-element elementor-element-58f41135 elementor-section-boxed elementor-section-height-default elementor-section-height-default\" data-id=\"58f41135\" data-element_type=\"section\" data-e-type=\"section\">\n\t\t\t\t\t\t<div class=\"elementor-container elementor-column-gap-default\">\n\t\t\t\t\t<div class=\"elementor-column elementor-col-50 elementor-inner-column elementor-element elementor-element-698aeb01\" data-id=\"698aeb01\" data-element_type=\"column\" data-e-type=\"column\">\n\t\t\t<div class=\"elementor-widget-wrap elementor-element-populated\">\n\t\t\t\t\t\t<div class=\"elementor-element elementor-element-1fcbcbfd elementor-widget elementor-widget-image\" data-id=\"1fcbcbfd\" data-element_type=\"widget\" data-e-type=\"widget\" data-widget_type=\"image.default\">\n\t\t\t\t<div class=\"elementor-widget-container\">\n\t\t\t\t\t\t\t\t\t\t\t\t\t\t\t<img decoding=\"async\" width=\"166\" height=\"97\" src=\"https:\/\/lift.tw\/zh\/wp-content\/uploads\/2025\/01\/logo-public-senat.png\" class=\"attachment-full size-full wp-image-189\" alt=\"\" \/>\t\t\t\t\t\t\t\t\t\t\t\t\t\t\t<\/div>\n\t\t\t\t<\/div>\n\t\t\t\t<div class=\"elementor-element elementor-element-1795f6d elementor-widget elementor-widget-heading\" data-id=\"1795f6d\" data-element_type=\"widget\" data-e-type=\"widget\" data-widget_type=\"heading.default\">\n\t\t\t\t<div class=\"elementor-widget-container\">\n\t\t\t\t\t<h2 class=\"elementor-heading-title elementor-size-default\"><a href=\"https:\/\/www.publicsenat.fr\/article\/politique\/delegation-de-senateurs-a-taiwan-il-y-a-dans-ce-pays-une-fraicheur-democratique\" target=\"_blank\">Une d\u00e9l\u00e9gation de s\u00e9nateurs en d\u00e9placement \u00e0 Ta\u00efwan <\/a><\/h2>\t\t\t\t<\/div>\n\t\t\t\t<\/div>\n\t\t\t\t\t<\/div>\n\t\t<\/div>\n\t\t\t\t<div class=\"elementor-column elementor-col-50 elementor-inner-column elementor-element elementor-element-c8a642b\" data-id=\"c8a642b\" data-element_type=\"column\" data-e-type=\"column\">\n\t\t\t<div class=\"elementor-widget-wrap elementor-element-populated\">\n\t\t\t\t\t\t<div class=\"elementor-element elementor-element-5c33eb59 elementor-widget elementor-widget-image\" data-id=\"5c33eb59\" data-element_type=\"widget\" data-e-type=\"widget\" data-widget_type=\"image.default\">\n\t\t\t\t<div class=\"elementor-widget-container\">\n\t\t\t\t\t\t\t\t\t\t\t\t\t\t\t<img decoding=\"async\" width=\"400\" height=\"97\" src=\"https:\/\/lift.tw\/zh\/wp-content\/uploads\/2025\/01\/logo-rti.png\" class=\"attachment-full size-full wp-image-190\" alt=\"\" srcset=\"https:\/\/lift.tw\/zh\/wp-content\/uploads\/2025\/01\/logo-rti.png 400w, https:\/\/lift.tw\/zh\/wp-content\/uploads\/2025\/01\/logo-rti-300x73.png 300w\" sizes=\"(max-width: 400px) 100vw, 400px\" \/>\t\t\t\t\t\t\t\t\t\t\t\t\t\t\t<\/div>\n\t\t\t\t<\/div>\n\t\t\t\t<div class=\"elementor-element elementor-element-e265738 elementor-widget elementor-widget-heading\" data-id=\"e265738\" data-element_type=\"widget\" data-e-type=\"widget\" data-widget_type=\"heading.default\">\n\t\t\t\t<div class=\"elementor-widget-container\">\n\t\t\t\t\t<h2 class=\"elementor-heading-title elementor-size-default\"><a href=\"https:\/\/fr.rti.org.tw\/radio\/programMessageView\/id\/107286\" target=\"_blank\">Le LIFT pr\u00e9pare sa premi\u00e8re rentr\u00e9e scolaire<\/a><\/h2>\t\t\t\t<\/div>\n\t\t\t\t<\/div>\n\t\t\t\t\t<\/div>\n\t\t<\/div>\n\t\t\t\t\t<\/div>\n\t\t<\/section>\n\t\t\t\t<section class=\"elementor-section elementor-inner-section elementor-element elementor-element-426d2f96 elementor-section-boxed elementor-section-height-default elementor-section-height-default\" data-id=\"426d2f96\" data-element_type=\"section\" data-e-type=\"section\">\n\t\t\t\t\t\t<div class=\"elementor-container elementor-column-gap-default\">\n\t\t\t\t\t<div class=\"elementor-column elementor-col-50 elementor-inner-column elementor-element elementor-element-23c7ea6c\" data-id=\"23c7ea6c\" data-element_type=\"column\" data-e-type=\"column\">\n\t\t\t<div class=\"elementor-widget-wrap elementor-element-populated\">\n\t\t\t\t\t\t<div class=\"elementor-element elementor-element-39164a87 elementor-widget elementor-widget-image\" data-id=\"39164a87\" data-element_type=\"widget\" data-e-type=\"widget\" data-widget_type=\"image.default\">\n\t\t\t\t<div class=\"elementor-widget-container\">\n\t\t\t\t\t\t\t\t\t\t\t\t\t\t\t<img decoding=\"async\" width=\"277\" height=\"97\" src=\"https:\/\/lift.tw\/zh\/wp-content\/uploads\/2025\/01\/logo-cwm.png\" class=\"attachment-full size-full wp-image-191\" alt=\"\" \/>\t\t\t\t\t\t\t\t\t\t\t\t\t\t\t<\/div>\n\t\t\t\t<\/div>\n\t\t\t\t<div class=\"elementor-element elementor-element-2c4564a0 elementor-widget elementor-widget-heading\" data-id=\"2c4564a0\" data-element_type=\"widget\" data-e-type=\"widget\" data-widget_type=\"heading.default\">\n\t\t\t\t<div class=\"elementor-widget-container\">\n\t\t\t\t\t<h2 class=\"elementor-heading-title elementor-size-default\"><a href=\"https:\/\/www.cw.com.tw\/article\/5123462\" target=\"_blank\">\u4e0b\u8ab2\u6293\u87f2\u3001\u4e0a\u8ab2\u5b78\u4e2d\u82f1\u6cd5\u8a9e\u3000\u53f0\u5317\u864e\u5c71\u4e0b\uff0c\u570b\u5167\u7b2c\u4e00\u6240\u5916\u7c4d\u5bb6\u9577\u958b\u7684\u5c0f\u5b78<\/a><\/h2>\t\t\t\t<\/div>\n\t\t\t\t<\/div>\n\t\t\t\t\t<\/div>\n\t\t<\/div>\n\t\t\t\t<div class=\"elementor-column elementor-col-50 elementor-inner-column elementor-element elementor-element-afbdecb\" data-id=\"afbdecb\" data-element_type=\"column\" data-e-type=\"column\">\n\t\t\t<div class=\"elementor-widget-wrap elementor-element-populated\">\n\t\t\t\t\t\t<div class=\"elementor-element elementor-element-44b6f2e7 elementor-widget elementor-widget-image\" data-id=\"44b6f2e7\" data-element_type=\"widget\" data-e-type=\"widget\" data-widget_type=\"image.default\">\n\t\t\t\t<div class=\"elementor-widget-container\">\n\t\t\t\t\t\t\t\t\t\t\t\t\t\t\t<img loading=\"lazy\" decoding=\"async\" width=\"364\" height=\"97\" src=\"https:\/\/lift.tw\/zh\/wp-content\/uploads\/2025\/01\/logo-DOE-Taipei.png\" class=\"attachment-full size-full wp-image-192\" alt=\"\" srcset=\"https:\/\/lift.tw\/zh\/wp-content\/uploads\/2025\/01\/logo-DOE-Taipei.png 364w, https:\/\/lift.tw\/zh\/wp-content\/uploads\/2025\/01\/logo-DOE-Taipei-300x80.png 300w\" sizes=\"(max-width: 364px) 100vw, 364px\" \/>\t\t\t\t\t\t\t\t\t\t\t\t\t\t\t<\/div>\n\t\t\t\t<\/div>\n\t\t\t\t<div class=\"elementor-element elementor-element-26e11361 elementor-widget elementor-widget-heading\" data-id=\"26e11361\" data-element_type=\"widget\" data-e-type=\"widget\" data-widget_type=\"heading.default\">\n\t\t\t\t<div class=\"elementor-widget-container\">\n\t\t\t\t\t<h2 class=\"elementor-heading-title elementor-size-default\"><a href=\"https:\/\/www.doe.gov.taipei\/News_Content.aspx?n=0F560782595DACFC&#038;sms=72544237BBE4C5F6&#038;s=C72C02EC207F2504\" target=\"_blank\">\u6559\u80b2\u5c40\u4e8b\u5f8c\u65b0\u805e\u7a3f1110624\u81fa\u6cd5\u53cb\u597d\uff0c\u6559\u80b2\u5171\u597d\uff0c\u793e\u5340\u66f4\u597d-\u81fa\u6cd5\u6559\u80b2\u5408\u4f5c\u555f\u52d5\u5178\u79ae<\/a><\/h2>\t\t\t\t<\/div>\n\t\t\t\t<\/div>\n\t\t\t\t\t<\/div>\n\t\t<\/div>\n\t\t\t\t\t<\/div>\n\t\t<\/section>\n\t\t\t\t\t<\/div>\n\t\t<\/div>\n\t\t\t\t\t<\/div>\n\t\t<\/section>\n\t\t\t\t<\/div>\n\t\t","protected":false},"excerpt":{"rendered":"<p>\u5a92\u9ad4\u63a1\u8a2a LIFT\u6587\u7ae0\u7cbe\u9078\u3002 Une d\u00e9l\u00e9gation de s\u00e9nateurs en d\u00e9placeme [&hellip;]<\/p>\n","protected":false},"author":1,"featured_media":0,"parent":0,"menu_order":0,"comment_status":"closed","ping_status":"closed","template":"","meta":{"iawp_total_views":61,"footnotes":""},"class_list":["post-509","page","type-page","status-publish","hentry"],"yoast_head":"<!-- This site is optimized with the Yoast SEO plugin v27.0 - https:\/\/yoast.com\/product\/yoast-seo-wordpress\/ -->\n<title>\u5a92\u9ad4\u63a1\u8a2a - Lyc\u00e9e International Fran\u00e7ais de Taipei (LIFT)<\/title>\n<meta name=\"robots\" content=\"index, follow, max-snippet:-1, max-image-preview:large, max-video-preview:-1\" \/>\n<link rel=\"canonical\" href=\"https:\/\/lift.tw\/zh\/\u5a92\u9ad4\u63a1\u8a2a\/\" \/>\n<meta property=\"og:locale\" content=\"zh_TW\" \/>\n<meta property=\"og:type\" content=\"article\" \/>\n<meta property=\"og:title\" content=\"\u5a92\u9ad4\u63a1\u8a2a - Lyc\u00e9e International Fran\u00e7ais de Taipei (LIFT)\" \/>\n<meta property=\"og:description\" content=\"\u5a92\u9ad4\u63a1\u8a2a LIFT\u6587\u7ae0\u7cbe\u9078\u3002 Une d\u00e9l\u00e9gation de s\u00e9nateurs en d\u00e9placeme [&hellip;]\" \/>\n<meta property=\"og:url\" content=\"https:\/\/lift.tw\/zh\/\u5a92\u9ad4\u63a1\u8a2a\/\" \/>\n<meta property=\"og:site_name\" content=\"Lyc\u00e9e International Fran\u00e7ais de Taipei (LIFT)\" \/>\n<meta property=\"article:modified_time\" content=\"2025-01-06T12:45:50+00:00\" \/>\n<meta property=\"og:image\" content=\"https:\/\/lift.tw\/zh2\/wp-content\/uploads\/2025\/01\/logo-public-senat.png\" \/>\n<meta name=\"twitter:card\" content=\"summary_large_image\" \/>\n<script type=\"application\/ld+json\" class=\"yoast-schema-graph\">{\"@context\":\"https:\/\/schema.org\",\"@graph\":[{\"@type\":\"WebPage\",\"@id\":\"https:\/\/lift.tw\/zh\/%e5%aa%92%e9%ab%94%e6%8e%a1%e8%a8%aa\/\",\"url\":\"https:\/\/lift.tw\/zh\/%e5%aa%92%e9%ab%94%e6%8e%a1%e8%a8%aa\/\",\"name\":\"\u5a92\u9ad4\u63a1\u8a2a - Lyc\u00e9e International Fran\u00e7ais de Taipei (LIFT)\",\"isPartOf\":{\"@id\":\"https:\/\/lift.tw\/zh\/#website\"},\"primaryImageOfPage\":{\"@id\":\"https:\/\/lift.tw\/zh\/%e5%aa%92%e9%ab%94%e6%8e%a1%e8%a8%aa\/#primaryimage\"},\"image\":{\"@id\":\"https:\/\/lift.tw\/zh\/%e5%aa%92%e9%ab%94%e6%8e%a1%e8%a8%aa\/#primaryimage\"},\"thumbnailUrl\":\"https:\/\/lift.tw\/zh2\/wp-content\/uploads\/2025\/01\/logo-public-senat.png\",\"datePublished\":\"2025-01-06T12:44:39+00:00\",\"dateModified\":\"2025-01-06T12:45:50+00:00\",\"breadcrumb\":{\"@id\":\"https:\/\/lift.tw\/zh\/%e5%aa%92%e9%ab%94%e6%8e%a1%e8%a8%aa\/#breadcrumb\"},\"inLanguage\":\"zh-TW\",\"potentialAction\":[{\"@type\":\"ReadAction\",\"target\":[\"https:\/\/lift.tw\/zh\/%e5%aa%92%e9%ab%94%e6%8e%a1%e8%a8%aa\/\"]}]},{\"@type\":\"ImageObject\",\"inLanguage\":\"zh-TW\",\"@id\":\"https:\/\/lift.tw\/zh\/%e5%aa%92%e9%ab%94%e6%8e%a1%e8%a8%aa\/#primaryimage\",\"url\":\"https:\/\/lift.tw\/zh\/wp-content\/uploads\/2025\/01\/logo-public-senat.png\",\"contentUrl\":\"https:\/\/lift.tw\/zh\/wp-content\/uploads\/2025\/01\/logo-public-senat.png\",\"width\":166,\"height\":97},{\"@type\":\"BreadcrumbList\",\"@id\":\"https:\/\/lift.tw\/zh\/%e5%aa%92%e9%ab%94%e6%8e%a1%e8%a8%aa\/#breadcrumb\",\"itemListElement\":[{\"@type\":\"ListItem\",\"position\":1,\"name\":\"Home\",\"item\":\"https:\/\/lift.tw\/zh\/\"},{\"@type\":\"ListItem\",\"position\":2,\"name\":\"\u5a92\u9ad4\u63a1\u8a2a\"}]},{\"@type\":\"WebSite\",\"@id\":\"https:\/\/lift.tw\/zh\/#website\",\"url\":\"https:\/\/lift.tw\/zh\/\",\"name\":\"Lyc\u00e9e International Fran\u00e7ais de Taipei (LIFT)\",\"description\":\"\",\"potentialAction\":[{\"@type\":\"SearchAction\",\"target\":{\"@type\":\"EntryPoint\",\"urlTemplate\":\"https:\/\/lift.tw\/zh\/?s={search_term_string}\"},\"query-input\":{\"@type\":\"PropertyValueSpecification\",\"valueRequired\":true,\"valueName\":\"search_term_string\"}}],\"inLanguage\":\"zh-TW\"}]}<\/script>\n<!-- \/ Yoast SEO plugin. -->","yoast_head_json":{"title":"\u5a92\u9ad4\u63a1\u8a2a - Lyc\u00e9e International Fran\u00e7ais de Taipei (LIFT)","robots":{"index":"index","follow":"follow","max-snippet":"max-snippet:-1","max-image-preview":"max-image-preview:large","max-video-preview":"max-video-preview:-1"},"canonical":"https:\/\/lift.tw\/zh\/\u5a92\u9ad4\u63a1\u8a2a\/","og_locale":"zh_TW","og_type":"article","og_title":"\u5a92\u9ad4\u63a1\u8a2a - Lyc\u00e9e International Fran\u00e7ais de Taipei (LIFT)","og_description":"\u5a92\u9ad4\u63a1\u8a2a LIFT\u6587\u7ae0\u7cbe\u9078\u3002 Une d\u00e9l\u00e9gation de s\u00e9nateurs en d\u00e9placeme [&hellip;]","og_url":"https:\/\/lift.tw\/zh\/\u5a92\u9ad4\u63a1\u8a2a\/","og_site_name":"Lyc\u00e9e International Fran\u00e7ais de Taipei (LIFT)","article_modified_time":"2025-01-06T12:45:50+00:00","og_image":[{"url":"https:\/\/lift.tw\/zh2\/wp-content\/uploads\/2025\/01\/logo-public-senat.png","type":"","width":"","height":""}],"twitter_card":"summary_large_image","schema":{"@context":"https:\/\/schema.org","@graph":[{"@type":"WebPage","@id":"https:\/\/lift.tw\/zh\/%e5%aa%92%e9%ab%94%e6%8e%a1%e8%a8%aa\/","url":"https:\/\/lift.tw\/zh\/%e5%aa%92%e9%ab%94%e6%8e%a1%e8%a8%aa\/","name":"\u5a92\u9ad4\u63a1\u8a2a - Lyc\u00e9e International Fran\u00e7ais de Taipei (LIFT)","isPartOf":{"@id":"https:\/\/lift.tw\/zh\/#website"},"primaryImageOfPage":{"@id":"https:\/\/lift.tw\/zh\/%e5%aa%92%e9%ab%94%e6%8e%a1%e8%a8%aa\/#primaryimage"},"image":{"@id":"https:\/\/lift.tw\/zh\/%e5%aa%92%e9%ab%94%e6%8e%a1%e8%a8%aa\/#primaryimage"},"thumbnailUrl":"https:\/\/lift.tw\/zh2\/wp-content\/uploads\/2025\/01\/logo-public-senat.png","datePublished":"2025-01-06T12:44:39+00:00","dateModified":"2025-01-06T12:45:50+00:00","breadcrumb":{"@id":"https:\/\/lift.tw\/zh\/%e5%aa%92%e9%ab%94%e6%8e%a1%e8%a8%aa\/#breadcrumb"},"inLanguage":"zh-TW","potentialAction":[{"@type":"ReadAction","target":["https:\/\/lift.tw\/zh\/%e5%aa%92%e9%ab%94%e6%8e%a1%e8%a8%aa\/"]}]},{"@type":"ImageObject","inLanguage":"zh-TW","@id":"https:\/\/lift.tw\/zh\/%e5%aa%92%e9%ab%94%e6%8e%a1%e8%a8%aa\/#primaryimage","url":"https:\/\/lift.tw\/zh\/wp-content\/uploads\/2025\/01\/logo-public-senat.png","contentUrl":"https:\/\/lift.tw\/zh\/wp-content\/uploads\/2025\/01\/logo-public-senat.png","width":166,"height":97},{"@type":"BreadcrumbList","@id":"https:\/\/lift.tw\/zh\/%e5%aa%92%e9%ab%94%e6%8e%a1%e8%a8%aa\/#breadcrumb","itemListElement":[{"@type":"ListItem","position":1,"name":"Home","item":"https:\/\/lift.tw\/zh\/"},{"@type":"ListItem","position":2,"name":"\u5a92\u9ad4\u63a1\u8a2a"}]},{"@type":"WebSite","@id":"https:\/\/lift.tw\/zh\/#website","url":"https:\/\/lift.tw\/zh\/","name":"Lyc\u00e9e International Fran\u00e7ais de Taipei (LIFT)","description":"","potentialAction":[{"@type":"SearchAction","target":{"@type":"EntryPoint","urlTemplate":"https:\/\/lift.tw\/zh\/?s={search_term_string}"},"query-input":{"@type":"PropertyValueSpecification","valueRequired":true,"valueName":"search_term_string"}}],"inLanguage":"zh-TW"}]}},"_links":{"self":[{"href":"https:\/\/lift.tw\/zh\/wp-json\/wp\/v2\/pages\/509","targetHints":{"allow":["GET"]}}],"collection":[{"href":"https:\/\/lift.tw\/zh\/wp-json\/wp\/v2\/pages"}],"about":[{"href":"https:\/\/lift.tw\/zh\/wp-json\/wp\/v2\/types\/page"}],"author":[{"embeddable":true,"href":"https:\/\/lift.tw\/zh\/wp-json\/wp\/v2\/users\/1"}],"replies":[{"embeddable":true,"href":"https:\/\/lift.tw\/zh\/wp-json\/wp\/v2\/comments?post=509"}],"version-history":[{"count":4,"href":"https:\/\/lift.tw\/zh\/wp-json\/wp\/v2\/pages\/509\/revisions"}],"predecessor-version":[{"id":769,"href":"https:\/\/lift.tw\/zh\/wp-json\/wp\/v2\/pages\/509\/revisions\/769"}],"wp:attachment":[{"href":"https:\/\/lift.tw\/zh\/wp-json\/wp\/v2\/media?parent=509"}],"curies":[{"name":"wp","href":"https:\/\/api.w.org\/{rel}","templated":true}]}}