{"id":6906,"date":"2026-03-09T12:17:54","date_gmt":"2026-03-09T04:17:54","guid":{"rendered":"https:\/\/lift.tw\/en\/?page_id=6906"},"modified":"2026-03-09T12:17:54","modified_gmt":"2026-03-09T04:17:54","slug":"internship-at-lift","status":"publish","type":"page","link":"https:\/\/lift.tw\/en\/internship-at-lift\/","title":{"rendered":"Internship at LIFT"},"content":{"rendered":"\t\t<div data-elementor-type=\"wp-page\" data-elementor-id=\"6906\" class=\"elementor elementor-6906\" data-elementor-post-type=\"page\">\n\t\t\t\t<div class=\"elementor-element elementor-element-a205c14 e-flex e-con-boxed e-con e-parent\" data-id=\"a205c14\" data-element_type=\"container\" data-e-type=\"container\" data-settings=\"{&quot;background_background&quot;:&quot;classic&quot;}\">\n\t\t\t\t\t<div class=\"e-con-inner\">\n\t\t<div class=\"elementor-element elementor-element-4fab531 e-flex e-con-boxed e-con e-child\" data-id=\"4fab531\" data-element_type=\"container\" data-e-type=\"container\" data-settings=\"{&quot;background_background&quot;:&quot;classic&quot;}\">\n\t\t\t\t\t<div class=\"e-con-inner\">\n\t\t\t\t<div class=\"elementor-element elementor-element-8e05a25 animated-slow elementor-invisible elementor-widget elementor-widget-heading\" data-id=\"8e05a25\" data-element_type=\"widget\" data-e-type=\"widget\" data-settings=\"{&quot;_animation&quot;:&quot;slideInDown&quot;}\" data-widget_type=\"heading.default\">\n\t\t\t\t<div class=\"elementor-widget-container\">\n\t\t\t\t\t<h1 class=\"elementor-heading-title elementor-size-default\">Internship at LIFT<\/h1>\t\t\t\t<\/div>\n\t\t\t\t<\/div>\n\t\t\t\t\t<\/div>\n\t\t\t\t<\/div>\n\t\t\t\t\t<\/div>\n\t\t\t\t<\/div>\n\t\t<div class=\"elementor-element elementor-element-ce8e83a e-flex e-con-boxed e-con e-parent\" data-id=\"ce8e83a\" data-element_type=\"container\" data-e-type=\"container\" data-settings=\"{&quot;background_background&quot;:&quot;classic&quot;}\">\n\t\t\t\t\t<div class=\"e-con-inner\">\n\t\t<div class=\"elementor-element elementor-element-e1439ce e-flex e-con-boxed e-con e-child\" data-id=\"e1439ce\" data-element_type=\"container\" data-e-type=\"container\" data-settings=\"{&quot;background_background&quot;:&quot;classic&quot;}\">\n\t\t\t\t\t<div class=\"e-con-inner\">\n\t\t\t\t<div class=\"elementor-element elementor-element-7a8b05f elementor-widget elementor-widget-text-editor\" data-id=\"7a8b05f\" data-element_type=\"widget\" data-e-type=\"widget\" data-widget_type=\"text-editor.default\">\n\t\t\t\t<div class=\"elementor-widget-container\">\n\t\t\t\t\t\t\t\t\t<p>The Lyc\u00e9e International Fran\u00e7ais de Taipei welcomes motivated interns each year who are eager to engage in a trilingual, multicultural, and stimulating environment. Whether you are a student in training or undergoing a career transition, completing an internship at our institution is a unique opportunity to enrich your experience while actively contributing to the daily life of our establishment community.<\/p><p><strong>A demanding and caring learning environment<\/strong><\/p><p>Located in Taipei, in the heart of an international setting, LIFT follows the French National Education curriculum while promoting linguistic and cultural openness. Joining our team means taking part in an ambitious educational project based on the values of respect, cooperation, and excellence.<\/p><p><strong>Desired profiles<\/strong><\/p><p>We welcome interns in the following areas:<\/p><ul><li>Teaching (elementary and middle school)<\/li><li>Student life and educational support<\/li><\/ul><p><strong>Guidance and support<\/strong><\/p><p>Each intern receives personalized support from a dedicated tutor. Regular check-ins are organized to foster skill development, integration into the team, and the achievement of set goals.<\/p><p><strong>How to apply<\/strong><\/p><p>To apply for an internship at LIFT, please send the following documents to <a href=\"mailto:recruitment@lift.tw\" target=\"_blank\" rel=\"noopener\">recruitment@lift.tw<\/a>:<\/p><ul><li>Resume<\/li><li>Cover letter outlining the objectives of the internship, desired dates, and field of interest<\/li><li>Internship agreement<\/li><\/ul><p>We encourage you to submit your application <strong>at least two months prior to the intended start date<\/strong> to facilitate administrative procedures.<\/p>\t\t\t\t\t\t\t\t<\/div>\n\t\t\t\t<\/div>\n\t\t\t\t\t<\/div>\n\t\t\t\t<\/div>\n\t\t\t\t\t<\/div>\n\t\t\t\t<\/div>\n\t\t\t\t<\/div>\n\t\t","protected":false},"excerpt":{"rendered":"<p>Internship at LIFT The Lyc\u00e9e International Fran\u00e7ais de Taipei welcomes motivated interns each year who are eager to engage in a trilingual, multicultural, and stimulating environment. Whether you are a student in training or undergoing a career transition, completing an internship at our institution is a unique opportunity to enrich your experience while actively contributing [&hellip;]<\/p>\n","protected":false},"author":6,"featured_media":0,"parent":0,"menu_order":0,"comment_status":"closed","ping_status":"closed","template":"","meta":{"iawp_total_views":29,"footnotes":""},"class_list":["post-6906","page","type-page","status-publish","hentry"],"yoast_head":"<!-- This site is optimized with the Yoast SEO plugin v27.0 - https:\/\/yoast.com\/product\/yoast-seo-wordpress\/ -->\n<title>Internship at LIFT - Lyc\u00e9e International Fran\u00e7ais de Taipei (LIFT)<\/title>\n<meta name=\"robots\" content=\"index, follow, max-snippet:-1, max-image-preview:large, max-video-preview:-1\" \/>\n<link rel=\"canonical\" href=\"https:\/\/lift.tw\/en\/internship-at-lift\/\" \/>\n<meta property=\"og:locale\" content=\"en_US\" \/>\n<meta property=\"og:type\" content=\"article\" \/>\n<meta property=\"og:title\" content=\"Internship at LIFT - Lyc\u00e9e International Fran\u00e7ais de Taipei (LIFT)\" \/>\n<meta property=\"og:description\" content=\"Internship at LIFT The Lyc\u00e9e International Fran\u00e7ais de Taipei welcomes motivated interns each year who are eager to engage in a trilingual, multicultural, and stimulating environment. Whether you are a student in training or undergoing a career transition, completing an internship at our institution is a unique opportunity to enrich your experience while actively contributing [&hellip;]\" \/>\n<meta property=\"og:url\" content=\"https:\/\/lift.tw\/en\/internship-at-lift\/\" \/>\n<meta property=\"og:site_name\" content=\"Lyc\u00e9e International Fran\u00e7ais de Taipei (LIFT)\" \/>\n<meta property=\"article:publisher\" content=\"https:\/\/www.facebook.com\/liftaipei\" \/>\n<meta property=\"og:image\" content=\"https:\/\/lift.tw\/en\/wp-content\/uploads\/2021\/01\/logo_lift.png\" \/>\n\t<meta property=\"og:image:width\" content=\"1460\" \/>\n\t<meta property=\"og:image:height\" content=\"776\" \/>\n\t<meta property=\"og:image:type\" content=\"image\/png\" \/>\n<meta name=\"twitter:card\" content=\"summary_large_image\" \/>\n<meta name=\"twitter:site\" content=\"@liftaipei\" \/>\n<meta name=\"twitter:label1\" content=\"Est. reading time\" \/>\n\t<meta name=\"twitter:data1\" content=\"1 minute\" \/>\n<script type=\"application\/ld+json\" class=\"yoast-schema-graph\">{\"@context\":\"https:\/\/schema.org\",\"@graph\":[{\"@type\":\"WebPage\",\"@id\":\"https:\/\/lift.tw\/en\/internship-at-lift\/\",\"url\":\"https:\/\/lift.tw\/en\/internship-at-lift\/\",\"name\":\"Internship at LIFT - Lyc\u00e9e International Fran\u00e7ais de Taipei (LIFT)\",\"isPartOf\":{\"@id\":\"https:\/\/lift.tw\/en\/#website\"},\"datePublished\":\"2026-03-09T04:17:54+00:00\",\"breadcrumb\":{\"@id\":\"https:\/\/lift.tw\/en\/internship-at-lift\/#breadcrumb\"},\"inLanguage\":\"en-US\",\"potentialAction\":[{\"@type\":\"ReadAction\",\"target\":[\"https:\/\/lift.tw\/en\/internship-at-lift\/\"]}]},{\"@type\":\"BreadcrumbList\",\"@id\":\"https:\/\/lift.tw\/en\/internship-at-lift\/#breadcrumb\",\"itemListElement\":[{\"@type\":\"ListItem\",\"position\":1,\"name\":\"Home\",\"item\":\"https:\/\/lift.tw\/en\/\"},{\"@type\":\"ListItem\",\"position\":2,\"name\":\"Internship at LIFT\"}]},{\"@type\":\"WebSite\",\"@id\":\"https:\/\/lift.tw\/en\/#website\",\"url\":\"https:\/\/lift.tw\/en\/\",\"name\":\"Lyc\u00e9e International Fran\u00e7ais de Taipei (LIFT)\",\"description\":\"A new French School in Taipei\",\"publisher\":{\"@id\":\"https:\/\/lift.tw\/en\/#organization\"},\"potentialAction\":[{\"@type\":\"SearchAction\",\"target\":{\"@type\":\"EntryPoint\",\"urlTemplate\":\"https:\/\/lift.tw\/en\/?s={search_term_string}\"},\"query-input\":{\"@type\":\"PropertyValueSpecification\",\"valueRequired\":true,\"valueName\":\"search_term_string\"}}],\"inLanguage\":\"en-US\"},{\"@type\":\"Organization\",\"@id\":\"https:\/\/lift.tw\/en\/#organization\",\"name\":\"Lyc\u00e9e International Fran\u00e7ais de Taipei (LIFT)\",\"url\":\"https:\/\/lift.tw\/en\/\",\"logo\":{\"@type\":\"ImageObject\",\"inLanguage\":\"en-US\",\"@id\":\"https:\/\/lift.tw\/en\/#\/schema\/logo\/image\/\",\"url\":\"https:\/\/lift.tw\/en\/wp-content\/uploads\/2021\/01\/logo_lift.png\",\"contentUrl\":\"https:\/\/lift.tw\/en\/wp-content\/uploads\/2021\/01\/logo_lift.png\",\"width\":1460,\"height\":776,\"caption\":\"Lyc\u00e9e International Fran\u00e7ais de Taipei (LIFT)\"},\"image\":{\"@id\":\"https:\/\/lift.tw\/en\/#\/schema\/logo\/image\/\"},\"sameAs\":[\"https:\/\/www.facebook.com\/liftaipei\",\"https:\/\/x.com\/liftaipei\",\"https:\/\/www.instagram.com\/liftaipei\/\",\"https:\/\/www.linkedin.com\/company\/lyc\u00e9e-international-fran\u00e7ais-de-taipei\/\",\"https:\/\/www.youtube.com\/channel\/UCDh7r-bfaI3rEONt2l1Ih8A\"]}]}<\/script>\n<!-- \/ Yoast SEO plugin. -->","yoast_head_json":{"title":"Internship at LIFT - Lyc\u00e9e International Fran\u00e7ais de Taipei (LIFT)","robots":{"index":"index","follow":"follow","max-snippet":"max-snippet:-1","max-image-preview":"max-image-preview:large","max-video-preview":"max-video-preview:-1"},"canonical":"https:\/\/lift.tw\/en\/internship-at-lift\/","og_locale":"en_US","og_type":"article","og_title":"Internship at LIFT - Lyc\u00e9e International Fran\u00e7ais de Taipei (LIFT)","og_description":"Internship at LIFT The Lyc\u00e9e International Fran\u00e7ais de Taipei welcomes motivated interns each year who are eager to engage in a trilingual, multicultural, and stimulating environment. Whether you are a student in training or undergoing a career transition, completing an internship at our institution is a unique opportunity to enrich your experience while actively contributing [&hellip;]","og_url":"https:\/\/lift.tw\/en\/internship-at-lift\/","og_site_name":"Lyc\u00e9e International Fran\u00e7ais de Taipei (LIFT)","article_publisher":"https:\/\/www.facebook.com\/liftaipei","og_image":[{"width":1460,"height":776,"url":"https:\/\/lift.tw\/en\/wp-content\/uploads\/2021\/01\/logo_lift.png","type":"image\/png"}],"twitter_card":"summary_large_image","twitter_site":"@liftaipei","twitter_misc":{"Est. reading time":"1 minute"},"schema":{"@context":"https:\/\/schema.org","@graph":[{"@type":"WebPage","@id":"https:\/\/lift.tw\/en\/internship-at-lift\/","url":"https:\/\/lift.tw\/en\/internship-at-lift\/","name":"Internship at LIFT - Lyc\u00e9e International Fran\u00e7ais de Taipei (LIFT)","isPartOf":{"@id":"https:\/\/lift.tw\/en\/#website"},"datePublished":"2026-03-09T04:17:54+00:00","breadcrumb":{"@id":"https:\/\/lift.tw\/en\/internship-at-lift\/#breadcrumb"},"inLanguage":"en-US","potentialAction":[{"@type":"ReadAction","target":["https:\/\/lift.tw\/en\/internship-at-lift\/"]}]},{"@type":"BreadcrumbList","@id":"https:\/\/lift.tw\/en\/internship-at-lift\/#breadcrumb","itemListElement":[{"@type":"ListItem","position":1,"name":"Home","item":"https:\/\/lift.tw\/en\/"},{"@type":"ListItem","position":2,"name":"Internship at LIFT"}]},{"@type":"WebSite","@id":"https:\/\/lift.tw\/en\/#website","url":"https:\/\/lift.tw\/en\/","name":"Lyc\u00e9e International Fran\u00e7ais de Taipei (LIFT)","description":"A new French School in Taipei","publisher":{"@id":"https:\/\/lift.tw\/en\/#organization"},"potentialAction":[{"@type":"SearchAction","target":{"@type":"EntryPoint","urlTemplate":"https:\/\/lift.tw\/en\/?s={search_term_string}"},"query-input":{"@type":"PropertyValueSpecification","valueRequired":true,"valueName":"search_term_string"}}],"inLanguage":"en-US"},{"@type":"Organization","@id":"https:\/\/lift.tw\/en\/#organization","name":"Lyc\u00e9e International Fran\u00e7ais de Taipei (LIFT)","url":"https:\/\/lift.tw\/en\/","logo":{"@type":"ImageObject","inLanguage":"en-US","@id":"https:\/\/lift.tw\/en\/#\/schema\/logo\/image\/","url":"https:\/\/lift.tw\/en\/wp-content\/uploads\/2021\/01\/logo_lift.png","contentUrl":"https:\/\/lift.tw\/en\/wp-content\/uploads\/2021\/01\/logo_lift.png","width":1460,"height":776,"caption":"Lyc\u00e9e International Fran\u00e7ais de Taipei (LIFT)"},"image":{"@id":"https:\/\/lift.tw\/en\/#\/schema\/logo\/image\/"},"sameAs":["https:\/\/www.facebook.com\/liftaipei","https:\/\/x.com\/liftaipei","https:\/\/www.instagram.com\/liftaipei\/","https:\/\/www.linkedin.com\/company\/lyc\u00e9e-international-fran\u00e7ais-de-taipei\/","https:\/\/www.youtube.com\/channel\/UCDh7r-bfaI3rEONt2l1Ih8A"]}]}},"_links":{"self":[{"href":"https:\/\/lift.tw\/en\/wp-json\/wp\/v2\/pages\/6906","targetHints":{"allow":["GET"]}}],"collection":[{"href":"https:\/\/lift.tw\/en\/wp-json\/wp\/v2\/pages"}],"about":[{"href":"https:\/\/lift.tw\/en\/wp-json\/wp\/v2\/types\/page"}],"author":[{"embeddable":true,"href":"https:\/\/lift.tw\/en\/wp-json\/wp\/v2\/users\/6"}],"replies":[{"embeddable":true,"href":"https:\/\/lift.tw\/en\/wp-json\/wp\/v2\/comments?post=6906"}],"version-history":[{"count":1,"href":"https:\/\/lift.tw\/en\/wp-json\/wp\/v2\/pages\/6906\/revisions"}],"predecessor-version":[{"id":6911,"href":"https:\/\/lift.tw\/en\/wp-json\/wp\/v2\/pages\/6906\/revisions\/6911"}],"wp:attachment":[{"href":"https:\/\/lift.tw\/en\/wp-json\/wp\/v2\/media?parent=6906"}],"curies":[{"name":"wp","href":"https:\/\/api.w.org\/{rel}","templated":true}]}}