{"id":3261,"date":"2025-06-01T23:41:47","date_gmt":"2025-06-01T15:41:47","guid":{"rendered":"https:\/\/lift.tw\/en\/?page_id=3261"},"modified":"2025-12-18T09:56:43","modified_gmt":"2025-12-18T01:56:43","slug":"secondary-school","status":"publish","type":"page","link":"https:\/\/lift.tw\/en\/secondary-school\/","title":{"rendered":"Secondary School in France"},"content":{"rendered":"\t\t<div data-elementor-type=\"wp-page\" data-elementor-id=\"3261\" class=\"elementor elementor-3261\" data-elementor-post-type=\"page\">\n\t\t\t\t<div class=\"elementor-element elementor-element-f2882a0 e-flex e-con-boxed e-con e-parent\" data-id=\"f2882a0\" data-element_type=\"container\" data-e-type=\"container\" data-settings=\"{&quot;background_background&quot;:&quot;classic&quot;}\">\n\t\t\t\t\t<div class=\"e-con-inner\">\n\t\t<div class=\"elementor-element elementor-element-fc39bee e-flex e-con-boxed e-con e-child\" data-id=\"fc39bee\" data-element_type=\"container\" data-e-type=\"container\" data-settings=\"{&quot;background_background&quot;:&quot;classic&quot;}\">\n\t\t\t\t\t<div class=\"e-con-inner\">\n\t\t\t\t<div class=\"elementor-element elementor-element-0d60cae animated-slow elementor-invisible elementor-widget elementor-widget-heading\" data-id=\"0d60cae\" data-element_type=\"widget\" data-e-type=\"widget\" data-settings=\"{&quot;_animation&quot;:&quot;slideInDown&quot;}\" data-widget_type=\"heading.default\">\n\t\t\t\t<div class=\"elementor-widget-container\">\n\t\t\t\t\t<h1 class=\"elementor-heading-title elementor-size-default\">Secondary in France<\/h1>\t\t\t\t<\/div>\n\t\t\t\t<\/div>\n\t\t\t\t\t<\/div>\n\t\t\t\t<\/div>\n\t\t\t\t\t<\/div>\n\t\t\t\t<\/div>\n\t\t<div class=\"elementor-element elementor-element-1a89550 e-flex e-con-boxed e-con e-parent\" data-id=\"1a89550\" data-element_type=\"container\" data-e-type=\"container\" data-settings=\"{&quot;background_background&quot;:&quot;classic&quot;}\">\n\t\t\t\t\t<div class=\"e-con-inner\">\n\t\t<div class=\"elementor-element elementor-element-c5218af e-flex e-con-boxed e-con e-child\" data-id=\"c5218af\" data-element_type=\"container\" data-e-type=\"container\" data-settings=\"{&quot;background_background&quot;:&quot;classic&quot;}\">\n\t\t\t\t\t<div class=\"e-con-inner\">\n\t\t\t\t<div class=\"elementor-element elementor-element-3496c13 elementor-widget elementor-widget-text-editor\" data-id=\"3496c13\" data-element_type=\"widget\" data-e-type=\"widget\" data-widget_type=\"text-editor.default\">\n\t\t\t\t<div class=\"elementor-widget-container\">\n\t\t\t\t\t\t\t\t\t<p>Secondary in France is divided into two cycles: <strong>coll\u00e8ge (from 6th to 9th grade) and lyc\u00e9e (from 10th to 12th grade)<\/strong>. It is a key stage in students\u2019 academic journey, preparing them for higher education and professional life.<\/p><h4>Coll\u00e8ge (Ages 11 to 15)<\/h4><p>Coll\u00e8ge marks the beginning of secondary education and consists of four levels: <strong>6\u00e8me, 5\u00e8me, 4\u00e8me, and 3\u00e8me<\/strong>. It aims to consolidate the knowledge acquired in elementary school and deepen learning within a more structured framework.<\/p><p>Subjects taught include:<\/p><ul><li>French, mathematics, history-geography, and civic education<\/li><li>Science and technology (biology-geology, physics-chemistry, technology, computer science)<\/li><li>Modern and classical languages<\/li><li>Arts and physical education<\/li><\/ul><p>At the end of 3\u00e8me, students take the <strong>Dipl\u00f4me National du Brevet (DNB)<\/strong>, which certifies their skills and knowledge before moving on to lyc\u00e9e.<\/p><h4>Lyc\u00e9e (Ages 15 to 18)<\/h4><p>Lyc\u00e9e prepares students for the <strong>Baccalaur\u00e9at Fran\u00e7ais International (BFI)<\/strong>, which grants access to higher education institutions around the world. It consists of three levels: <strong>Seconde (10th grade), Premi\u00e8re (11th grade), and Terminale (12th grade)<\/strong>.<\/p><ul><li><strong>Seconde<\/strong> is an orientation year that allows students to explore various subjects before choosing a specialization.<\/li><li><strong>Premi\u00e8re and Terminale<\/strong> combine a common core curriculum with specialty courses chosen by the student according to their interests and future goals.<\/li><\/ul><p>At the <strong>Lyc\u00e9e International Fran\u00e7ais de Taipei<\/strong>, secondary students follow the French National Education curriculum in a multicultural and demanding environment, providing them with high-level preparation for continuing their studies in France or internationally.<\/p>\t\t\t\t\t\t\t\t<\/div>\n\t\t\t\t<\/div>\n\t\t\t\t\t<\/div>\n\t\t\t\t<\/div>\n\t\t\t\t\t<\/div>\n\t\t\t\t<\/div>\n\t\t\t\t<\/div>\n\t\t","protected":false},"excerpt":{"rendered":"<p>Secondary in France Secondary in France is divided into two cycles: coll\u00e8ge (from 6th to 9th grade) and lyc\u00e9e (from 10th to 12th grade). It is a key stage in students\u2019 academic journey, preparing them for higher education and professional life. Coll\u00e8ge (Ages 11 to 15) Coll\u00e8ge marks the beginning of secondary education and consists [&hellip;]<\/p>\n","protected":false},"author":1,"featured_media":0,"parent":0,"menu_order":0,"comment_status":"closed","ping_status":"closed","template":"","meta":{"iawp_total_views":304,"footnotes":""},"class_list":["post-3261","page","type-page","status-publish","hentry"],"yoast_head":"<!-- This site is optimized with the Yoast SEO plugin v27.0 - https:\/\/yoast.com\/product\/yoast-seo-wordpress\/ -->\n<title>Secondary School in France - Lyc\u00e9e International Fran\u00e7ais de Taipei (LIFT)<\/title>\n<meta name=\"robots\" content=\"index, follow, max-snippet:-1, max-image-preview:large, max-video-preview:-1\" \/>\n<link rel=\"canonical\" href=\"https:\/\/lift.tw\/en\/secondary-school\/\" \/>\n<meta property=\"og:locale\" content=\"en_US\" \/>\n<meta property=\"og:type\" content=\"article\" \/>\n<meta property=\"og:title\" content=\"Secondary School in France - Lyc\u00e9e International Fran\u00e7ais de Taipei (LIFT)\" \/>\n<meta property=\"og:description\" content=\"Secondary in France Secondary in France is divided into two cycles: coll\u00e8ge (from 6th to 9th grade) and lyc\u00e9e (from 10th to 12th grade). It is a key stage in students\u2019 academic journey, preparing them for higher education and professional life. Coll\u00e8ge (Ages 11 to 15) Coll\u00e8ge marks the beginning of secondary education and consists [&hellip;]\" \/>\n<meta property=\"og:url\" content=\"https:\/\/lift.tw\/en\/secondary-school\/\" \/>\n<meta property=\"og:site_name\" content=\"Lyc\u00e9e International Fran\u00e7ais de Taipei (LIFT)\" \/>\n<meta property=\"article:publisher\" content=\"https:\/\/www.facebook.com\/liftaipei\" \/>\n<meta property=\"article:modified_time\" content=\"2025-12-18T01:56:43+00:00\" \/>\n<meta property=\"og:image\" content=\"https:\/\/lift.tw\/en\/wp-content\/uploads\/2021\/01\/logo_lift.png\" \/>\n\t<meta property=\"og:image:width\" content=\"1460\" \/>\n\t<meta property=\"og:image:height\" content=\"776\" \/>\n\t<meta property=\"og:image:type\" content=\"image\/png\" \/>\n<meta name=\"twitter:card\" content=\"summary_large_image\" \/>\n<meta name=\"twitter:site\" content=\"@liftaipei\" \/>\n<meta name=\"twitter:label1\" content=\"Est. reading time\" \/>\n\t<meta name=\"twitter:data1\" content=\"2 minutes\" \/>\n<script type=\"application\/ld+json\" class=\"yoast-schema-graph\">{\"@context\":\"https:\/\/schema.org\",\"@graph\":[{\"@type\":\"WebPage\",\"@id\":\"https:\/\/lift.tw\/en\/secondary-school\/\",\"url\":\"https:\/\/lift.tw\/en\/secondary-school\/\",\"name\":\"Secondary School in France - Lyc\u00e9e International Fran\u00e7ais de Taipei (LIFT)\",\"isPartOf\":{\"@id\":\"https:\/\/lift.tw\/en\/#website\"},\"datePublished\":\"2025-06-01T15:41:47+00:00\",\"dateModified\":\"2025-12-18T01:56:43+00:00\",\"breadcrumb\":{\"@id\":\"https:\/\/lift.tw\/en\/secondary-school\/#breadcrumb\"},\"inLanguage\":\"en-US\",\"potentialAction\":[{\"@type\":\"ReadAction\",\"target\":[\"https:\/\/lift.tw\/en\/secondary-school\/\"]}]},{\"@type\":\"BreadcrumbList\",\"@id\":\"https:\/\/lift.tw\/en\/secondary-school\/#breadcrumb\",\"itemListElement\":[{\"@type\":\"ListItem\",\"position\":1,\"name\":\"Home\",\"item\":\"https:\/\/lift.tw\/en\/\"},{\"@type\":\"ListItem\",\"position\":2,\"name\":\"Secondary School in France\"}]},{\"@type\":\"WebSite\",\"@id\":\"https:\/\/lift.tw\/en\/#website\",\"url\":\"https:\/\/lift.tw\/en\/\",\"name\":\"Lyc\u00e9e International Fran\u00e7ais de Taipei (LIFT)\",\"description\":\"A new French School in Taipei\",\"publisher\":{\"@id\":\"https:\/\/lift.tw\/en\/#organization\"},\"potentialAction\":[{\"@type\":\"SearchAction\",\"target\":{\"@type\":\"EntryPoint\",\"urlTemplate\":\"https:\/\/lift.tw\/en\/?s={search_term_string}\"},\"query-input\":{\"@type\":\"PropertyValueSpecification\",\"valueRequired\":true,\"valueName\":\"search_term_string\"}}],\"inLanguage\":\"en-US\"},{\"@type\":\"Organization\",\"@id\":\"https:\/\/lift.tw\/en\/#organization\",\"name\":\"Lyc\u00e9e International Fran\u00e7ais de Taipei (LIFT)\",\"url\":\"https:\/\/lift.tw\/en\/\",\"logo\":{\"@type\":\"ImageObject\",\"inLanguage\":\"en-US\",\"@id\":\"https:\/\/lift.tw\/en\/#\/schema\/logo\/image\/\",\"url\":\"https:\/\/lift.tw\/en\/wp-content\/uploads\/2021\/01\/logo_lift.png\",\"contentUrl\":\"https:\/\/lift.tw\/en\/wp-content\/uploads\/2021\/01\/logo_lift.png\",\"width\":1460,\"height\":776,\"caption\":\"Lyc\u00e9e International Fran\u00e7ais de Taipei (LIFT)\"},\"image\":{\"@id\":\"https:\/\/lift.tw\/en\/#\/schema\/logo\/image\/\"},\"sameAs\":[\"https:\/\/www.facebook.com\/liftaipei\",\"https:\/\/x.com\/liftaipei\",\"https:\/\/www.instagram.com\/liftaipei\/\",\"https:\/\/www.linkedin.com\/company\/lyc\u00e9e-international-fran\u00e7ais-de-taipei\/\",\"https:\/\/www.youtube.com\/channel\/UCDh7r-bfaI3rEONt2l1Ih8A\"]}]}<\/script>\n<!-- \/ Yoast SEO plugin. -->","yoast_head_json":{"title":"Secondary School in France - Lyc\u00e9e International Fran\u00e7ais de Taipei (LIFT)","robots":{"index":"index","follow":"follow","max-snippet":"max-snippet:-1","max-image-preview":"max-image-preview:large","max-video-preview":"max-video-preview:-1"},"canonical":"https:\/\/lift.tw\/en\/secondary-school\/","og_locale":"en_US","og_type":"article","og_title":"Secondary School in France - Lyc\u00e9e International Fran\u00e7ais de Taipei (LIFT)","og_description":"Secondary in France Secondary in France is divided into two cycles: coll\u00e8ge (from 6th to 9th grade) and lyc\u00e9e (from 10th to 12th grade). It is a key stage in students\u2019 academic journey, preparing them for higher education and professional life. Coll\u00e8ge (Ages 11 to 15) Coll\u00e8ge marks the beginning of secondary education and consists [&hellip;]","og_url":"https:\/\/lift.tw\/en\/secondary-school\/","og_site_name":"Lyc\u00e9e International Fran\u00e7ais de Taipei (LIFT)","article_publisher":"https:\/\/www.facebook.com\/liftaipei","article_modified_time":"2025-12-18T01:56:43+00:00","og_image":[{"width":1460,"height":776,"url":"https:\/\/lift.tw\/en\/wp-content\/uploads\/2021\/01\/logo_lift.png","type":"image\/png"}],"twitter_card":"summary_large_image","twitter_site":"@liftaipei","twitter_misc":{"Est. reading time":"2 minutes"},"schema":{"@context":"https:\/\/schema.org","@graph":[{"@type":"WebPage","@id":"https:\/\/lift.tw\/en\/secondary-school\/","url":"https:\/\/lift.tw\/en\/secondary-school\/","name":"Secondary School in France - Lyc\u00e9e International Fran\u00e7ais de Taipei (LIFT)","isPartOf":{"@id":"https:\/\/lift.tw\/en\/#website"},"datePublished":"2025-06-01T15:41:47+00:00","dateModified":"2025-12-18T01:56:43+00:00","breadcrumb":{"@id":"https:\/\/lift.tw\/en\/secondary-school\/#breadcrumb"},"inLanguage":"en-US","potentialAction":[{"@type":"ReadAction","target":["https:\/\/lift.tw\/en\/secondary-school\/"]}]},{"@type":"BreadcrumbList","@id":"https:\/\/lift.tw\/en\/secondary-school\/#breadcrumb","itemListElement":[{"@type":"ListItem","position":1,"name":"Home","item":"https:\/\/lift.tw\/en\/"},{"@type":"ListItem","position":2,"name":"Secondary School in France"}]},{"@type":"WebSite","@id":"https:\/\/lift.tw\/en\/#website","url":"https:\/\/lift.tw\/en\/","name":"Lyc\u00e9e International Fran\u00e7ais de Taipei (LIFT)","description":"A new French School in Taipei","publisher":{"@id":"https:\/\/lift.tw\/en\/#organization"},"potentialAction":[{"@type":"SearchAction","target":{"@type":"EntryPoint","urlTemplate":"https:\/\/lift.tw\/en\/?s={search_term_string}"},"query-input":{"@type":"PropertyValueSpecification","valueRequired":true,"valueName":"search_term_string"}}],"inLanguage":"en-US"},{"@type":"Organization","@id":"https:\/\/lift.tw\/en\/#organization","name":"Lyc\u00e9e International Fran\u00e7ais de Taipei (LIFT)","url":"https:\/\/lift.tw\/en\/","logo":{"@type":"ImageObject","inLanguage":"en-US","@id":"https:\/\/lift.tw\/en\/#\/schema\/logo\/image\/","url":"https:\/\/lift.tw\/en\/wp-content\/uploads\/2021\/01\/logo_lift.png","contentUrl":"https:\/\/lift.tw\/en\/wp-content\/uploads\/2021\/01\/logo_lift.png","width":1460,"height":776,"caption":"Lyc\u00e9e International Fran\u00e7ais de Taipei (LIFT)"},"image":{"@id":"https:\/\/lift.tw\/en\/#\/schema\/logo\/image\/"},"sameAs":["https:\/\/www.facebook.com\/liftaipei","https:\/\/x.com\/liftaipei","https:\/\/www.instagram.com\/liftaipei\/","https:\/\/www.linkedin.com\/company\/lyc\u00e9e-international-fran\u00e7ais-de-taipei\/","https:\/\/www.youtube.com\/channel\/UCDh7r-bfaI3rEONt2l1Ih8A"]}]}},"_links":{"self":[{"href":"https:\/\/lift.tw\/en\/wp-json\/wp\/v2\/pages\/3261","targetHints":{"allow":["GET"]}}],"collection":[{"href":"https:\/\/lift.tw\/en\/wp-json\/wp\/v2\/pages"}],"about":[{"href":"https:\/\/lift.tw\/en\/wp-json\/wp\/v2\/types\/page"}],"author":[{"embeddable":true,"href":"https:\/\/lift.tw\/en\/wp-json\/wp\/v2\/users\/1"}],"replies":[{"embeddable":true,"href":"https:\/\/lift.tw\/en\/wp-json\/wp\/v2\/comments?post=3261"}],"version-history":[{"count":8,"href":"https:\/\/lift.tw\/en\/wp-json\/wp\/v2\/pages\/3261\/revisions"}],"predecessor-version":[{"id":6614,"href":"https:\/\/lift.tw\/en\/wp-json\/wp\/v2\/pages\/3261\/revisions\/6614"}],"wp:attachment":[{"href":"https:\/\/lift.tw\/en\/wp-json\/wp\/v2\/media?parent=3261"}],"curies":[{"name":"wp","href":"https:\/\/api.w.org\/{rel}","templated":true}]}}