{"id":3254,"date":"2025-06-01T23:36:43","date_gmt":"2025-06-01T15:36:43","guid":{"rendered":"https:\/\/lift.tw\/en\/?page_id=3254"},"modified":"2025-12-18T09:54:17","modified_gmt":"2025-12-18T01:54:17","slug":"elementary-school","status":"publish","type":"page","link":"https:\/\/lift.tw\/en\/elementary-school\/","title":{"rendered":"Elementary School in France"},"content":{"rendered":"\t\t<div data-elementor-type=\"wp-page\" data-elementor-id=\"3254\" class=\"elementor elementor-3254\" data-elementor-post-type=\"page\">\n\t\t\t\t<div class=\"elementor-element elementor-element-0f0199f e-flex e-con-boxed e-con e-parent\" data-id=\"0f0199f\" data-element_type=\"container\" data-e-type=\"container\" data-settings=\"{&quot;background_background&quot;:&quot;classic&quot;}\">\n\t\t\t\t\t<div class=\"e-con-inner\">\n\t\t<div class=\"elementor-element elementor-element-c804186 e-flex e-con-boxed e-con e-child\" data-id=\"c804186\" data-element_type=\"container\" data-e-type=\"container\" data-settings=\"{&quot;background_background&quot;:&quot;classic&quot;}\">\n\t\t\t\t\t<div class=\"e-con-inner\">\n\t\t\t\t<div class=\"elementor-element elementor-element-aafd903 animated-slow elementor-invisible elementor-widget elementor-widget-heading\" data-id=\"aafd903\" data-element_type=\"widget\" data-e-type=\"widget\" data-settings=\"{&quot;_animation&quot;:&quot;slideInDown&quot;}\" data-widget_type=\"heading.default\">\n\t\t\t\t<div class=\"elementor-widget-container\">\n\t\t\t\t\t<h1 class=\"elementor-heading-title elementor-size-default\">Elementary School in France<\/h1>\t\t\t\t<\/div>\n\t\t\t\t<\/div>\n\t\t\t\t\t<\/div>\n\t\t\t\t<\/div>\n\t\t\t\t\t<\/div>\n\t\t\t\t<\/div>\n\t\t<div class=\"elementor-element elementor-element-0575c9f e-flex e-con-boxed e-con e-parent\" data-id=\"0575c9f\" data-element_type=\"container\" data-e-type=\"container\" data-settings=\"{&quot;background_background&quot;:&quot;classic&quot;}\">\n\t\t\t\t\t<div class=\"e-con-inner\">\n\t\t<div class=\"elementor-element elementor-element-ae09e93 e-flex e-con-boxed e-con e-child\" data-id=\"ae09e93\" data-element_type=\"container\" data-e-type=\"container\" data-settings=\"{&quot;background_background&quot;:&quot;classic&quot;}\">\n\t\t\t\t\t<div class=\"e-con-inner\">\n\t\t\t\t<div class=\"elementor-element elementor-element-a43f1e6 elementor-widget elementor-widget-text-editor\" data-id=\"a43f1e6\" data-element_type=\"widget\" data-e-type=\"widget\" data-widget_type=\"text-editor.default\">\n\t\t\t\t<div class=\"elementor-widget-container\">\n\t\t\t\t\t\t\t\t\t<p><strong>Elementary school<\/strong>\u00a0in France welcomes children from ages 6 to 11 and represents the first stage of compulsory education. It includes five grade levels: <strong>cours pr\u00e9paratoire (CP)<\/strong>, <strong>cours \u00e9l\u00e9mentaire 1 and 2 (CE1, CE2)<\/strong>, and <strong>cours moyen 1 and 2 (CM1, CM2)<\/strong>.<\/p><p>The main objective of elementary school is to provide students with a solid foundation in core subjects: <strong>French, mathematics, science, history-geography, civic education, English, the arts, and physical education<\/strong>. Developing skills in reading, writing, and arithmetic is a top priority, along with encouraging critical thinking and intellectual curiosity.<\/p><p>Teaching is based on adapted pedagogical methods that promote cooperation, independence, and individual progress. Continuous assessment supports each child\u2019s development and helps identify specific needs.<\/p><p>At the <strong>Lyc\u00e9e Fran\u00e7ais International de Taipei<\/strong>, the elementary school follows the <strong>French National Education curriculum<\/strong>, enriched by a multicultural environment and global outlook. Our students benefit from a rigorous, stimulating, and nurturing education, helping them build a strong foundation for their academic and personal journeys.<\/p>\t\t\t\t\t\t\t\t<\/div>\n\t\t\t\t<\/div>\n\t\t\t\t\t<\/div>\n\t\t\t\t<\/div>\n\t\t\t\t\t<\/div>\n\t\t\t\t<\/div>\n\t\t\t\t<\/div>\n\t\t","protected":false},"excerpt":{"rendered":"<p>Elementary School in France Elementary school\u00a0in France welcomes children from ages 6 to 11 and represents the first stage of compulsory education. It includes five grade levels: cours pr\u00e9paratoire (CP), cours \u00e9l\u00e9mentaire 1 and 2 (CE1, CE2), and cours moyen 1 and 2 (CM1, CM2). The main objective of elementary school is to provide students [&hellip;]<\/p>\n","protected":false},"author":1,"featured_media":0,"parent":0,"menu_order":0,"comment_status":"closed","ping_status":"closed","template":"","meta":{"iawp_total_views":368,"footnotes":""},"class_list":["post-3254","page","type-page","status-publish","hentry"],"yoast_head":"<!-- This site is optimized with the Yoast SEO plugin v27.0 - https:\/\/yoast.com\/product\/yoast-seo-wordpress\/ -->\n<title>Elementary School in France - Lyc\u00e9e International Fran\u00e7ais de Taipei (LIFT)<\/title>\n<meta name=\"robots\" content=\"index, follow, max-snippet:-1, max-image-preview:large, max-video-preview:-1\" \/>\n<link rel=\"canonical\" href=\"https:\/\/lift.tw\/en\/elementary-school\/\" \/>\n<meta property=\"og:locale\" content=\"en_US\" \/>\n<meta property=\"og:type\" content=\"article\" \/>\n<meta property=\"og:title\" content=\"Elementary School in France - Lyc\u00e9e International Fran\u00e7ais de Taipei (LIFT)\" \/>\n<meta property=\"og:description\" content=\"Elementary School in France Elementary school\u00a0in France welcomes children from ages 6 to 11 and represents the first stage of compulsory education. It includes five grade levels: cours pr\u00e9paratoire (CP), cours \u00e9l\u00e9mentaire 1 and 2 (CE1, CE2), and cours moyen 1 and 2 (CM1, CM2). The main objective of elementary school is to provide students [&hellip;]\" \/>\n<meta property=\"og:url\" content=\"https:\/\/lift.tw\/en\/elementary-school\/\" \/>\n<meta property=\"og:site_name\" content=\"Lyc\u00e9e International Fran\u00e7ais de Taipei (LIFT)\" \/>\n<meta property=\"article:publisher\" content=\"https:\/\/www.facebook.com\/liftaipei\" \/>\n<meta property=\"article:modified_time\" content=\"2025-12-18T01:54:17+00:00\" \/>\n<meta property=\"og:image\" content=\"https:\/\/lift.tw\/en\/wp-content\/uploads\/2021\/01\/logo_lift.png\" \/>\n\t<meta property=\"og:image:width\" content=\"1460\" \/>\n\t<meta property=\"og:image:height\" content=\"776\" \/>\n\t<meta property=\"og:image:type\" content=\"image\/png\" \/>\n<meta name=\"twitter:card\" content=\"summary_large_image\" \/>\n<meta name=\"twitter:site\" content=\"@liftaipei\" \/>\n<meta name=\"twitter:label1\" content=\"Est. reading time\" \/>\n\t<meta name=\"twitter:data1\" content=\"1 minute\" \/>\n<script type=\"application\/ld+json\" class=\"yoast-schema-graph\">{\"@context\":\"https:\/\/schema.org\",\"@graph\":[{\"@type\":\"WebPage\",\"@id\":\"https:\/\/lift.tw\/en\/elementary-school\/\",\"url\":\"https:\/\/lift.tw\/en\/elementary-school\/\",\"name\":\"Elementary School in France - Lyc\u00e9e International Fran\u00e7ais de Taipei (LIFT)\",\"isPartOf\":{\"@id\":\"https:\/\/lift.tw\/en\/#website\"},\"datePublished\":\"2025-06-01T15:36:43+00:00\",\"dateModified\":\"2025-12-18T01:54:17+00:00\",\"breadcrumb\":{\"@id\":\"https:\/\/lift.tw\/en\/elementary-school\/#breadcrumb\"},\"inLanguage\":\"en-US\",\"potentialAction\":[{\"@type\":\"ReadAction\",\"target\":[\"https:\/\/lift.tw\/en\/elementary-school\/\"]}]},{\"@type\":\"BreadcrumbList\",\"@id\":\"https:\/\/lift.tw\/en\/elementary-school\/#breadcrumb\",\"itemListElement\":[{\"@type\":\"ListItem\",\"position\":1,\"name\":\"Home\",\"item\":\"https:\/\/lift.tw\/en\/\"},{\"@type\":\"ListItem\",\"position\":2,\"name\":\"Elementary School in France\"}]},{\"@type\":\"WebSite\",\"@id\":\"https:\/\/lift.tw\/en\/#website\",\"url\":\"https:\/\/lift.tw\/en\/\",\"name\":\"Lyc\u00e9e International Fran\u00e7ais de Taipei (LIFT)\",\"description\":\"A new French School in Taipei\",\"publisher\":{\"@id\":\"https:\/\/lift.tw\/en\/#organization\"},\"potentialAction\":[{\"@type\":\"SearchAction\",\"target\":{\"@type\":\"EntryPoint\",\"urlTemplate\":\"https:\/\/lift.tw\/en\/?s={search_term_string}\"},\"query-input\":{\"@type\":\"PropertyValueSpecification\",\"valueRequired\":true,\"valueName\":\"search_term_string\"}}],\"inLanguage\":\"en-US\"},{\"@type\":\"Organization\",\"@id\":\"https:\/\/lift.tw\/en\/#organization\",\"name\":\"Lyc\u00e9e International Fran\u00e7ais de Taipei (LIFT)\",\"url\":\"https:\/\/lift.tw\/en\/\",\"logo\":{\"@type\":\"ImageObject\",\"inLanguage\":\"en-US\",\"@id\":\"https:\/\/lift.tw\/en\/#\/schema\/logo\/image\/\",\"url\":\"https:\/\/lift.tw\/en\/wp-content\/uploads\/2021\/01\/logo_lift.png\",\"contentUrl\":\"https:\/\/lift.tw\/en\/wp-content\/uploads\/2021\/01\/logo_lift.png\",\"width\":1460,\"height\":776,\"caption\":\"Lyc\u00e9e International Fran\u00e7ais de Taipei (LIFT)\"},\"image\":{\"@id\":\"https:\/\/lift.tw\/en\/#\/schema\/logo\/image\/\"},\"sameAs\":[\"https:\/\/www.facebook.com\/liftaipei\",\"https:\/\/x.com\/liftaipei\",\"https:\/\/www.instagram.com\/liftaipei\/\",\"https:\/\/www.linkedin.com\/company\/lyc\u00e9e-international-fran\u00e7ais-de-taipei\/\",\"https:\/\/www.youtube.com\/channel\/UCDh7r-bfaI3rEONt2l1Ih8A\"]}]}<\/script>\n<!-- \/ Yoast SEO plugin. -->","yoast_head_json":{"title":"Elementary School in France - Lyc\u00e9e International Fran\u00e7ais de Taipei (LIFT)","robots":{"index":"index","follow":"follow","max-snippet":"max-snippet:-1","max-image-preview":"max-image-preview:large","max-video-preview":"max-video-preview:-1"},"canonical":"https:\/\/lift.tw\/en\/elementary-school\/","og_locale":"en_US","og_type":"article","og_title":"Elementary School in France - Lyc\u00e9e International Fran\u00e7ais de Taipei (LIFT)","og_description":"Elementary School in France Elementary school\u00a0in France welcomes children from ages 6 to 11 and represents the first stage of compulsory education. It includes five grade levels: cours pr\u00e9paratoire (CP), cours \u00e9l\u00e9mentaire 1 and 2 (CE1, CE2), and cours moyen 1 and 2 (CM1, CM2). The main objective of elementary school is to provide students [&hellip;]","og_url":"https:\/\/lift.tw\/en\/elementary-school\/","og_site_name":"Lyc\u00e9e International Fran\u00e7ais de Taipei (LIFT)","article_publisher":"https:\/\/www.facebook.com\/liftaipei","article_modified_time":"2025-12-18T01:54:17+00:00","og_image":[{"width":1460,"height":776,"url":"https:\/\/lift.tw\/en\/wp-content\/uploads\/2021\/01\/logo_lift.png","type":"image\/png"}],"twitter_card":"summary_large_image","twitter_site":"@liftaipei","twitter_misc":{"Est. reading time":"1 minute"},"schema":{"@context":"https:\/\/schema.org","@graph":[{"@type":"WebPage","@id":"https:\/\/lift.tw\/en\/elementary-school\/","url":"https:\/\/lift.tw\/en\/elementary-school\/","name":"Elementary School in France - Lyc\u00e9e International Fran\u00e7ais de Taipei (LIFT)","isPartOf":{"@id":"https:\/\/lift.tw\/en\/#website"},"datePublished":"2025-06-01T15:36:43+00:00","dateModified":"2025-12-18T01:54:17+00:00","breadcrumb":{"@id":"https:\/\/lift.tw\/en\/elementary-school\/#breadcrumb"},"inLanguage":"en-US","potentialAction":[{"@type":"ReadAction","target":["https:\/\/lift.tw\/en\/elementary-school\/"]}]},{"@type":"BreadcrumbList","@id":"https:\/\/lift.tw\/en\/elementary-school\/#breadcrumb","itemListElement":[{"@type":"ListItem","position":1,"name":"Home","item":"https:\/\/lift.tw\/en\/"},{"@type":"ListItem","position":2,"name":"Elementary School in France"}]},{"@type":"WebSite","@id":"https:\/\/lift.tw\/en\/#website","url":"https:\/\/lift.tw\/en\/","name":"Lyc\u00e9e International Fran\u00e7ais de Taipei (LIFT)","description":"A new French School in Taipei","publisher":{"@id":"https:\/\/lift.tw\/en\/#organization"},"potentialAction":[{"@type":"SearchAction","target":{"@type":"EntryPoint","urlTemplate":"https:\/\/lift.tw\/en\/?s={search_term_string}"},"query-input":{"@type":"PropertyValueSpecification","valueRequired":true,"valueName":"search_term_string"}}],"inLanguage":"en-US"},{"@type":"Organization","@id":"https:\/\/lift.tw\/en\/#organization","name":"Lyc\u00e9e International Fran\u00e7ais de Taipei (LIFT)","url":"https:\/\/lift.tw\/en\/","logo":{"@type":"ImageObject","inLanguage":"en-US","@id":"https:\/\/lift.tw\/en\/#\/schema\/logo\/image\/","url":"https:\/\/lift.tw\/en\/wp-content\/uploads\/2021\/01\/logo_lift.png","contentUrl":"https:\/\/lift.tw\/en\/wp-content\/uploads\/2021\/01\/logo_lift.png","width":1460,"height":776,"caption":"Lyc\u00e9e International Fran\u00e7ais de Taipei (LIFT)"},"image":{"@id":"https:\/\/lift.tw\/en\/#\/schema\/logo\/image\/"},"sameAs":["https:\/\/www.facebook.com\/liftaipei","https:\/\/x.com\/liftaipei","https:\/\/www.instagram.com\/liftaipei\/","https:\/\/www.linkedin.com\/company\/lyc\u00e9e-international-fran\u00e7ais-de-taipei\/","https:\/\/www.youtube.com\/channel\/UCDh7r-bfaI3rEONt2l1Ih8A"]}]}},"_links":{"self":[{"href":"https:\/\/lift.tw\/en\/wp-json\/wp\/v2\/pages\/3254","targetHints":{"allow":["GET"]}}],"collection":[{"href":"https:\/\/lift.tw\/en\/wp-json\/wp\/v2\/pages"}],"about":[{"href":"https:\/\/lift.tw\/en\/wp-json\/wp\/v2\/types\/page"}],"author":[{"embeddable":true,"href":"https:\/\/lift.tw\/en\/wp-json\/wp\/v2\/users\/1"}],"replies":[{"embeddable":true,"href":"https:\/\/lift.tw\/en\/wp-json\/wp\/v2\/comments?post=3254"}],"version-history":[{"count":8,"href":"https:\/\/lift.tw\/en\/wp-json\/wp\/v2\/pages\/3254\/revisions"}],"predecessor-version":[{"id":6610,"href":"https:\/\/lift.tw\/en\/wp-json\/wp\/v2\/pages\/3254\/revisions\/6610"}],"wp:attachment":[{"href":"https:\/\/lift.tw\/en\/wp-json\/wp\/v2\/media?parent=3254"}],"curies":[{"name":"wp","href":"https:\/\/api.w.org\/{rel}","templated":true}]}}