{"id":302,"date":"2021-11-22T09:02:29","date_gmt":"2021-11-22T08:02:29","guid":{"rendered":"http:\/\/lift.tw\/en\/?page_id=302"},"modified":"2025-12-16T15:38:17","modified_gmt":"2025-12-16T07:38:17","slug":"partners","status":"publish","type":"page","link":"https:\/\/lift.tw\/en\/partners\/","title":{"rendered":"Our Partners"},"content":{"rendered":"\t\t<div data-elementor-type=\"wp-page\" data-elementor-id=\"302\" class=\"elementor elementor-302\" data-elementor-post-type=\"page\">\n\t\t\t\t<div class=\"elementor-element elementor-element-b3fb3d0 e-flex e-con-boxed e-con e-parent\" data-id=\"b3fb3d0\" data-element_type=\"container\" data-e-type=\"container\" data-settings=\"{&quot;background_background&quot;:&quot;classic&quot;}\">\n\t\t\t\t\t<div class=\"e-con-inner\">\n\t\t<div class=\"elementor-element elementor-element-9a503d3 e-flex e-con-boxed e-con e-child\" data-id=\"9a503d3\" data-element_type=\"container\" data-e-type=\"container\" data-settings=\"{&quot;background_background&quot;:&quot;classic&quot;}\">\n\t\t\t\t\t<div class=\"e-con-inner\">\n\t\t\t\t<div class=\"elementor-element elementor-element-64ce98a animated-slow elementor-invisible elementor-widget elementor-widget-heading\" data-id=\"64ce98a\" data-element_type=\"widget\" data-e-type=\"widget\" data-settings=\"{&quot;_animation&quot;:&quot;slideInDown&quot;}\" data-widget_type=\"heading.default\">\n\t\t\t\t<div class=\"elementor-widget-container\">\n\t\t\t\t\t<h1 class=\"elementor-heading-title elementor-size-default\">Our Partners<\/h1>\t\t\t\t<\/div>\n\t\t\t\t<\/div>\n\t\t\t\t\t<\/div>\n\t\t\t\t<\/div>\n\t\t\t\t\t<\/div>\n\t\t\t\t<\/div>\n\t\t<div class=\"elementor-element elementor-element-d3fa24b e-flex e-con-boxed e-con e-parent\" data-id=\"d3fa24b\" data-element_type=\"container\" data-e-type=\"container\" data-settings=\"{&quot;background_background&quot;:&quot;classic&quot;}\">\n\t\t\t\t\t<div class=\"e-con-inner\">\n\t\t<div class=\"elementor-element elementor-element-50ab07a e-flex e-con-boxed e-con e-child\" data-id=\"50ab07a\" data-element_type=\"container\" data-e-type=\"container\" data-settings=\"{&quot;background_background&quot;:&quot;classic&quot;}\">\n\t\t\t\t\t<div class=\"e-con-inner\">\n\t\t\t\t<div class=\"elementor-element elementor-element-230ee75 elementor-widget elementor-widget-text-editor\" data-id=\"230ee75\" data-element_type=\"widget\" data-e-type=\"widget\" data-widget_type=\"text-editor.default\">\n\t\t\t\t<div class=\"elementor-widget-container\">\n\t\t\t\t\t\t\t\t\t<p>LIFT benefits from the highest possible political and diplomatic support.<\/p><p>The LIFT initiative echoes directly both French and Taiwanese policy-making priorities. LIFT contributes to the French objective to double the number of students by 2030 (2018 plan for the promotion of French language and plurilingualism) and the Taiwanese objective to become a bilingual nation by 2030. LIFT benefits from the support of the diplomatic post in Taipei and Taipei municipal authorities.<\/p>\t\t\t\t\t\t\t\t<\/div>\n\t\t\t\t<\/div>\n\t\t\t\t<div class=\"elementor-element elementor-element-cf57d82 elementor-widget elementor-widget-text-editor\" data-id=\"cf57d82\" data-element_type=\"widget\" data-e-type=\"widget\" data-widget_type=\"text-editor.default\">\n\t\t\t\t<div class=\"elementor-widget-container\">\n\t\t\t\t\t\t\t\t\t<p><img fetchpriority=\"high\" decoding=\"async\" class=\"alignleft wp-image-553\" src=\"https:\/\/lift.tw\/wp-content\/uploads\/2021\/11\/lift_partenaire-01.jpg\" alt=\"\" width=\"300\" height=\"225\" srcset=\"https:\/\/lift.tw\/en\/wp-content\/uploads\/2021\/11\/lift_partenaire-01.jpg 1024w, https:\/\/lift.tw\/en\/wp-content\/uploads\/2021\/11\/lift_partenaire-01-300x225.jpg 300w, https:\/\/lift.tw\/en\/wp-content\/uploads\/2021\/11\/lift_partenaire-01-768x576.jpg 768w\" sizes=\"(max-width: 300px) 100vw, 300px\" \/><\/p><p><em>\u201cI assure you of the full support, at 200%, of the French Office in Taipei and from France. Our support will be expressed in different ways in the approval of the AEFE when the time comes.\u201d<\/em><\/p><p><strong>M. Casabonne-Masonnave, Director of Bureau Fran\u00e7ais de Taipei, October 2021.<\/strong><\/p>\t\t\t\t\t\t\t\t<\/div>\n\t\t\t\t<\/div>\n\t\t\t\t<div class=\"elementor-element elementor-element-8b7d665 elementor-widget elementor-widget-text-editor\" data-id=\"8b7d665\" data-element_type=\"widget\" data-e-type=\"widget\" data-widget_type=\"text-editor.default\">\n\t\t\t\t<div class=\"elementor-widget-container\">\n\t\t\t\t\t\t\t\t\t<p><img decoding=\"async\" class=\" wp-image-5889 alignleft\" src=\"https:\/\/lift.tw\/wp-content\/uploads\/2025\/05\/Franck-Paris.webp\" alt=\"\" width=\"300\" height=\"200\" \/><\/p><p><em>&#8220;There\u2019s no greater project than opening a school. The LIFT project is a citizens\u2019 project that was brought to life thanks to a community of people committed to a powerful philosophy of education. This unique experience will enable children to live fully and get the best of both French and Taiwanese cultures. It brings to life our common values: development of critical thinking, creativity and caring.&#8221;<\/em><\/p><p><strong>M. Franck Paris, Director of Bureau Fran\u00e7ais de Taipei.<\/strong><\/p>\t\t\t\t\t\t\t\t<\/div>\n\t\t\t\t<\/div>\n\t\t\t\t<div class=\"elementor-element elementor-element-a0ffd42 elementor-widget elementor-widget-text-editor\" data-id=\"a0ffd42\" data-element_type=\"widget\" data-e-type=\"widget\" data-widget_type=\"text-editor.default\">\n\t\t\t\t<div class=\"elementor-widget-container\">\n\t\t\t\t\t\t\t\t\t<p><img decoding=\"async\" class=\"alignleft wp-image-556\" src=\"https:\/\/lift.tw\/wp-content\/uploads\/2021\/11\/lift_partenaire-02.jpg\" alt=\"\" width=\"300\" height=\"200\" srcset=\"https:\/\/lift.tw\/en\/wp-content\/uploads\/2021\/11\/lift_partenaire-02.jpg 1024w, https:\/\/lift.tw\/en\/wp-content\/uploads\/2021\/11\/lift_partenaire-02-300x200.jpg 300w, https:\/\/lift.tw\/en\/wp-content\/uploads\/2021\/11\/lift_partenaire-02-768x512.jpg 768w\" sizes=\"(max-width: 300px) 100vw, 300px\" \/><\/p><p><em>&#8220;A wonderful opportunity for internationalization and for the establishment of a bilingual education, giving future LIFT students the opportunity to become more integrated into the international community. Congratulations of Mayor Ko Wen-Je \u67ef\u6587\u54f2 and his best wishes to the new partners&#8221;<\/em><\/p><p>\u00a0<\/p>\t\t\t\t\t\t\t\t<\/div>\n\t\t\t\t<\/div>\n\t\t\t\t<div class=\"elementor-element elementor-element-e529808 elementor-widget elementor-widget-text-editor\" data-id=\"e529808\" data-element_type=\"widget\" data-e-type=\"widget\" data-widget_type=\"text-editor.default\">\n\t\t\t\t<div class=\"elementor-widget-container\">\n\t\t\t\t\t\t\t\t\t<p><img loading=\"lazy\" decoding=\"async\" class=\"alignleft wp-image-555\" src=\"https:\/\/lift.tw\/wp-content\/uploads\/2021\/11\/lift_partenaire-03.jpg\" alt=\"\" width=\"300\" height=\"165\" srcset=\"https:\/\/lift.tw\/en\/wp-content\/uploads\/2021\/11\/lift_partenaire-03.jpg 1024w, https:\/\/lift.tw\/en\/wp-content\/uploads\/2021\/11\/lift_partenaire-03-300x165.jpg 300w, https:\/\/lift.tw\/en\/wp-content\/uploads\/2021\/11\/lift_partenaire-03-768x422.jpg 768w\" sizes=\"(max-width: 300px) 100vw, 300px\" \/><\/p><p><em>&#8220;Recognized as a key project and emblematic of the relationship between France and Taiwan, the delegation, enthusiastic about the team&#8217;s progress in recent months, wishes to bring the support that France dedicates to LIFT to a <strong>strategic and symbolic<\/strong> level.&#8221;<\/em><\/p><p><strong>Senatorial delegation led by the former Minister of Defense Mr. Alain Richard, October 2021.<\/strong><\/p>\t\t\t\t\t\t\t\t<\/div>\n\t\t\t\t<\/div>\n\t\t\t\t<div class=\"elementor-element elementor-element-1f9f263 elementor-widget elementor-widget-text-editor\" data-id=\"1f9f263\" data-element_type=\"widget\" data-e-type=\"widget\" data-widget_type=\"text-editor.default\">\n\t\t\t\t<div class=\"elementor-widget-container\">\n\t\t\t\t\t\t\t\t\t<p><img loading=\"lazy\" decoding=\"async\" class=\" wp-image-5888 alignleft\" src=\"https:\/\/lift.tw\/wp-content\/uploads\/2025\/05\/Anne-Genetet.webp\" alt=\"\" width=\"300\" height=\"200\" \/><\/p><p><em>\u201cI will support this project of an alternative French establishment and will come back at each important milestone of this project&#8221;<\/em><\/p><p><strong>Anne Genetet, member of the French National Assembly since the 2017 elections, representing the Eleventh constituency for French residents overseas, November 2019.<\/strong><\/p><p>See also: <a href=\"https:\/\/www.facebook.com\/watch\/?v=555574735269385\" target=\"_blank\" rel=\"noopener\">Ecole fran\u00e7aise \u00e0 Taipei: une alternative \u00e0 l&#8217;\u00e9cole europ\u00e9enne<\/a> ?<\/p>\t\t\t\t\t\t\t\t<\/div>\n\t\t\t\t<\/div>\n\t\t\t\t\t<\/div>\n\t\t\t\t<\/div>\n\t\t\t\t\t<\/div>\n\t\t\t\t<\/div>\n\t\t\t\t<\/div>\n\t\t","protected":false},"excerpt":{"rendered":"<p>Our Partners LIFT benefits from the highest possible political and diplomatic support. The LIFT initiative echoes directly both French and Taiwanese policy-making priorities. LIFT contributes to the French objective to double the number of students by 2030 (2018 plan for the promotion of French language and plurilingualism) and the Taiwanese objective to become a bilingual [&hellip;]<\/p>\n","protected":false},"author":1,"featured_media":0,"parent":0,"menu_order":0,"comment_status":"closed","ping_status":"closed","template":"","meta":{"iawp_total_views":120,"footnotes":""},"class_list":["post-302","page","type-page","status-publish","hentry"],"yoast_head":"<!-- This site is optimized with the Yoast SEO plugin v27.0 - https:\/\/yoast.com\/product\/yoast-seo-wordpress\/ -->\n<title>Our Partners - Lyc\u00e9e International Fran\u00e7ais de Taipei (LIFT)<\/title>\n<meta name=\"robots\" content=\"index, follow, max-snippet:-1, max-image-preview:large, max-video-preview:-1\" \/>\n<link rel=\"canonical\" href=\"https:\/\/lift.tw\/en\/partners\/\" \/>\n<meta property=\"og:locale\" content=\"en_US\" \/>\n<meta property=\"og:type\" content=\"article\" \/>\n<meta property=\"og:title\" content=\"Our Partners - Lyc\u00e9e International Fran\u00e7ais de Taipei (LIFT)\" \/>\n<meta property=\"og:description\" content=\"Our Partners LIFT benefits from the highest possible political and diplomatic support. The LIFT initiative echoes directly both French and Taiwanese policy-making priorities. LIFT contributes to the French objective to double the number of students by 2030 (2018 plan for the promotion of French language and plurilingualism) and the Taiwanese objective to become a bilingual [&hellip;]\" \/>\n<meta property=\"og:url\" content=\"https:\/\/lift.tw\/en\/partners\/\" \/>\n<meta property=\"og:site_name\" content=\"Lyc\u00e9e International Fran\u00e7ais de Taipei (LIFT)\" \/>\n<meta property=\"article:publisher\" content=\"https:\/\/www.facebook.com\/liftaipei\" \/>\n<meta property=\"article:modified_time\" content=\"2025-12-16T07:38:17+00:00\" \/>\n<meta property=\"og:image\" content=\"https:\/\/lift.tw\/en\/wp-content\/uploads\/2021\/11\/lift_partenaire-01.jpg\" \/>\n\t<meta property=\"og:image:width\" content=\"1024\" \/>\n\t<meta property=\"og:image:height\" content=\"768\" \/>\n\t<meta property=\"og:image:type\" content=\"image\/jpeg\" \/>\n<meta name=\"twitter:card\" content=\"summary_large_image\" \/>\n<meta name=\"twitter:site\" content=\"@liftaipei\" \/>\n<meta name=\"twitter:label1\" content=\"Est. reading time\" \/>\n\t<meta name=\"twitter:data1\" content=\"3 minutes\" \/>\n<script type=\"application\/ld+json\" class=\"yoast-schema-graph\">{\"@context\":\"https:\/\/schema.org\",\"@graph\":[{\"@type\":\"WebPage\",\"@id\":\"https:\/\/lift.tw\/en\/partners\/\",\"url\":\"https:\/\/lift.tw\/en\/partners\/\",\"name\":\"Our Partners - Lyc\u00e9e International Fran\u00e7ais de Taipei (LIFT)\",\"isPartOf\":{\"@id\":\"https:\/\/lift.tw\/en\/#website\"},\"primaryImageOfPage\":{\"@id\":\"https:\/\/lift.tw\/en\/partners\/#primaryimage\"},\"image\":{\"@id\":\"https:\/\/lift.tw\/en\/partners\/#primaryimage\"},\"thumbnailUrl\":\"https:\/\/lift.tw\/wp-content\/uploads\/2021\/11\/lift_partenaire-01.jpg\",\"datePublished\":\"2021-11-22T08:02:29+00:00\",\"dateModified\":\"2025-12-16T07:38:17+00:00\",\"breadcrumb\":{\"@id\":\"https:\/\/lift.tw\/en\/partners\/#breadcrumb\"},\"inLanguage\":\"en-US\",\"potentialAction\":[{\"@type\":\"ReadAction\",\"target\":[\"https:\/\/lift.tw\/en\/partners\/\"]}]},{\"@type\":\"ImageObject\",\"inLanguage\":\"en-US\",\"@id\":\"https:\/\/lift.tw\/en\/partners\/#primaryimage\",\"url\":\"https:\/\/lift.tw\/wp-content\/uploads\/2021\/11\/lift_partenaire-01.jpg\",\"contentUrl\":\"https:\/\/lift.tw\/wp-content\/uploads\/2021\/11\/lift_partenaire-01.jpg\"},{\"@type\":\"BreadcrumbList\",\"@id\":\"https:\/\/lift.tw\/en\/partners\/#breadcrumb\",\"itemListElement\":[{\"@type\":\"ListItem\",\"position\":1,\"name\":\"Home\",\"item\":\"https:\/\/lift.tw\/en\/\"},{\"@type\":\"ListItem\",\"position\":2,\"name\":\"Our Partners\"}]},{\"@type\":\"WebSite\",\"@id\":\"https:\/\/lift.tw\/en\/#website\",\"url\":\"https:\/\/lift.tw\/en\/\",\"name\":\"Lyc\u00e9e International Fran\u00e7ais de Taipei (LIFT)\",\"description\":\"A new French School in Taipei\",\"publisher\":{\"@id\":\"https:\/\/lift.tw\/en\/#organization\"},\"potentialAction\":[{\"@type\":\"SearchAction\",\"target\":{\"@type\":\"EntryPoint\",\"urlTemplate\":\"https:\/\/lift.tw\/en\/?s={search_term_string}\"},\"query-input\":{\"@type\":\"PropertyValueSpecification\",\"valueRequired\":true,\"valueName\":\"search_term_string\"}}],\"inLanguage\":\"en-US\"},{\"@type\":\"Organization\",\"@id\":\"https:\/\/lift.tw\/en\/#organization\",\"name\":\"Lyc\u00e9e International Fran\u00e7ais de Taipei (LIFT)\",\"url\":\"https:\/\/lift.tw\/en\/\",\"logo\":{\"@type\":\"ImageObject\",\"inLanguage\":\"en-US\",\"@id\":\"https:\/\/lift.tw\/en\/#\/schema\/logo\/image\/\",\"url\":\"https:\/\/lift.tw\/en\/wp-content\/uploads\/2021\/01\/logo_lift.png\",\"contentUrl\":\"https:\/\/lift.tw\/en\/wp-content\/uploads\/2021\/01\/logo_lift.png\",\"width\":1460,\"height\":776,\"caption\":\"Lyc\u00e9e International Fran\u00e7ais de Taipei (LIFT)\"},\"image\":{\"@id\":\"https:\/\/lift.tw\/en\/#\/schema\/logo\/image\/\"},\"sameAs\":[\"https:\/\/www.facebook.com\/liftaipei\",\"https:\/\/x.com\/liftaipei\",\"https:\/\/www.instagram.com\/liftaipei\/\",\"https:\/\/www.linkedin.com\/company\/lyc\u00e9e-international-fran\u00e7ais-de-taipei\/\",\"https:\/\/www.youtube.com\/channel\/UCDh7r-bfaI3rEONt2l1Ih8A\"]}]}<\/script>\n<!-- \/ Yoast SEO plugin. -->","yoast_head_json":{"title":"Our Partners - Lyc\u00e9e International Fran\u00e7ais de Taipei (LIFT)","robots":{"index":"index","follow":"follow","max-snippet":"max-snippet:-1","max-image-preview":"max-image-preview:large","max-video-preview":"max-video-preview:-1"},"canonical":"https:\/\/lift.tw\/en\/partners\/","og_locale":"en_US","og_type":"article","og_title":"Our Partners - Lyc\u00e9e International Fran\u00e7ais de Taipei (LIFT)","og_description":"Our Partners LIFT benefits from the highest possible political and diplomatic support. The LIFT initiative echoes directly both French and Taiwanese policy-making priorities. LIFT contributes to the French objective to double the number of students by 2030 (2018 plan for the promotion of French language and plurilingualism) and the Taiwanese objective to become a bilingual [&hellip;]","og_url":"https:\/\/lift.tw\/en\/partners\/","og_site_name":"Lyc\u00e9e International Fran\u00e7ais de Taipei (LIFT)","article_publisher":"https:\/\/www.facebook.com\/liftaipei","article_modified_time":"2025-12-16T07:38:17+00:00","og_image":[{"width":1024,"height":768,"url":"https:\/\/lift.tw\/en\/wp-content\/uploads\/2021\/11\/lift_partenaire-01.jpg","type":"image\/jpeg"}],"twitter_card":"summary_large_image","twitter_site":"@liftaipei","twitter_misc":{"Est. reading time":"3 minutes"},"schema":{"@context":"https:\/\/schema.org","@graph":[{"@type":"WebPage","@id":"https:\/\/lift.tw\/en\/partners\/","url":"https:\/\/lift.tw\/en\/partners\/","name":"Our Partners - Lyc\u00e9e International Fran\u00e7ais de Taipei (LIFT)","isPartOf":{"@id":"https:\/\/lift.tw\/en\/#website"},"primaryImageOfPage":{"@id":"https:\/\/lift.tw\/en\/partners\/#primaryimage"},"image":{"@id":"https:\/\/lift.tw\/en\/partners\/#primaryimage"},"thumbnailUrl":"https:\/\/lift.tw\/wp-content\/uploads\/2021\/11\/lift_partenaire-01.jpg","datePublished":"2021-11-22T08:02:29+00:00","dateModified":"2025-12-16T07:38:17+00:00","breadcrumb":{"@id":"https:\/\/lift.tw\/en\/partners\/#breadcrumb"},"inLanguage":"en-US","potentialAction":[{"@type":"ReadAction","target":["https:\/\/lift.tw\/en\/partners\/"]}]},{"@type":"ImageObject","inLanguage":"en-US","@id":"https:\/\/lift.tw\/en\/partners\/#primaryimage","url":"https:\/\/lift.tw\/wp-content\/uploads\/2021\/11\/lift_partenaire-01.jpg","contentUrl":"https:\/\/lift.tw\/wp-content\/uploads\/2021\/11\/lift_partenaire-01.jpg"},{"@type":"BreadcrumbList","@id":"https:\/\/lift.tw\/en\/partners\/#breadcrumb","itemListElement":[{"@type":"ListItem","position":1,"name":"Home","item":"https:\/\/lift.tw\/en\/"},{"@type":"ListItem","position":2,"name":"Our Partners"}]},{"@type":"WebSite","@id":"https:\/\/lift.tw\/en\/#website","url":"https:\/\/lift.tw\/en\/","name":"Lyc\u00e9e International Fran\u00e7ais de Taipei (LIFT)","description":"A new French School in Taipei","publisher":{"@id":"https:\/\/lift.tw\/en\/#organization"},"potentialAction":[{"@type":"SearchAction","target":{"@type":"EntryPoint","urlTemplate":"https:\/\/lift.tw\/en\/?s={search_term_string}"},"query-input":{"@type":"PropertyValueSpecification","valueRequired":true,"valueName":"search_term_string"}}],"inLanguage":"en-US"},{"@type":"Organization","@id":"https:\/\/lift.tw\/en\/#organization","name":"Lyc\u00e9e International Fran\u00e7ais de Taipei (LIFT)","url":"https:\/\/lift.tw\/en\/","logo":{"@type":"ImageObject","inLanguage":"en-US","@id":"https:\/\/lift.tw\/en\/#\/schema\/logo\/image\/","url":"https:\/\/lift.tw\/en\/wp-content\/uploads\/2021\/01\/logo_lift.png","contentUrl":"https:\/\/lift.tw\/en\/wp-content\/uploads\/2021\/01\/logo_lift.png","width":1460,"height":776,"caption":"Lyc\u00e9e International Fran\u00e7ais de Taipei (LIFT)"},"image":{"@id":"https:\/\/lift.tw\/en\/#\/schema\/logo\/image\/"},"sameAs":["https:\/\/www.facebook.com\/liftaipei","https:\/\/x.com\/liftaipei","https:\/\/www.instagram.com\/liftaipei\/","https:\/\/www.linkedin.com\/company\/lyc\u00e9e-international-fran\u00e7ais-de-taipei\/","https:\/\/www.youtube.com\/channel\/UCDh7r-bfaI3rEONt2l1Ih8A"]}]}},"_links":{"self":[{"href":"https:\/\/lift.tw\/en\/wp-json\/wp\/v2\/pages\/302","targetHints":{"allow":["GET"]}}],"collection":[{"href":"https:\/\/lift.tw\/en\/wp-json\/wp\/v2\/pages"}],"about":[{"href":"https:\/\/lift.tw\/en\/wp-json\/wp\/v2\/types\/page"}],"author":[{"embeddable":true,"href":"https:\/\/lift.tw\/en\/wp-json\/wp\/v2\/users\/1"}],"replies":[{"embeddable":true,"href":"https:\/\/lift.tw\/en\/wp-json\/wp\/v2\/comments?post=302"}],"version-history":[{"count":67,"href":"https:\/\/lift.tw\/en\/wp-json\/wp\/v2\/pages\/302\/revisions"}],"predecessor-version":[{"id":6578,"href":"https:\/\/lift.tw\/en\/wp-json\/wp\/v2\/pages\/302\/revisions\/6578"}],"wp:attachment":[{"href":"https:\/\/lift.tw\/en\/wp-json\/wp\/v2\/media?parent=302"}],"curies":[{"name":"wp","href":"https:\/\/api.w.org\/{rel}","templated":true}]}}