{"id":2829,"date":"2024-11-28T18:31:15","date_gmt":"2024-11-28T10:31:15","guid":{"rendered":"https:\/\/lift.tw\/en\/?page_id=2829"},"modified":"2025-12-18T10:34:29","modified_gmt":"2025-12-18T02:34:29","slug":"careers","status":"publish","type":"page","link":"https:\/\/lift.tw\/en\/careers\/","title":{"rendered":"Careers"},"content":{"rendered":"\t\t<div data-elementor-type=\"wp-page\" data-elementor-id=\"2829\" class=\"elementor elementor-2829\" data-elementor-post-type=\"page\">\n\t\t\t\t<div class=\"elementor-element elementor-element-98c97d9 e-flex e-con-boxed e-con e-parent\" data-id=\"98c97d9\" data-element_type=\"container\" data-e-type=\"container\" data-settings=\"{&quot;background_background&quot;:&quot;classic&quot;}\">\n\t\t\t\t\t<div class=\"e-con-inner\">\n\t\t<div class=\"elementor-element elementor-element-6e7a29f e-flex e-con-boxed e-con e-child\" data-id=\"6e7a29f\" data-element_type=\"container\" data-e-type=\"container\" data-settings=\"{&quot;background_background&quot;:&quot;classic&quot;}\">\n\t\t\t\t\t<div class=\"e-con-inner\">\n\t\t\t\t<div class=\"elementor-element elementor-element-27c5ab0 animated-slow elementor-invisible elementor-widget elementor-widget-heading\" data-id=\"27c5ab0\" data-element_type=\"widget\" data-e-type=\"widget\" data-settings=\"{&quot;_animation&quot;:&quot;slideInDown&quot;}\" data-widget_type=\"heading.default\">\n\t\t\t\t<div class=\"elementor-widget-container\">\n\t\t\t\t\t<h1 class=\"elementor-heading-title elementor-size-default\">Teaching and Administration<\/h1>\t\t\t\t<\/div>\n\t\t\t\t<\/div>\n\t\t\t\t\t<\/div>\n\t\t\t\t<\/div>\n\t\t\t\t\t<\/div>\n\t\t\t\t<\/div>\n\t\t<div class=\"elementor-element elementor-element-26bb255 e-flex e-con-boxed e-con e-parent\" data-id=\"26bb255\" data-element_type=\"container\" data-e-type=\"container\" data-settings=\"{&quot;background_background&quot;:&quot;classic&quot;}\">\n\t\t\t\t\t<div class=\"e-con-inner\">\n\t\t<div class=\"elementor-element elementor-element-0aecc4f e-flex e-con-boxed e-con e-child\" data-id=\"0aecc4f\" data-element_type=\"container\" data-e-type=\"container\" data-settings=\"{&quot;background_background&quot;:&quot;classic&quot;}\">\n\t\t\t\t\t<div class=\"e-con-inner\">\n\t\t\t\t<div class=\"elementor-element elementor-element-33a6976 elementor-widget elementor-widget-text-editor\" data-id=\"33a6976\" data-element_type=\"widget\" data-e-type=\"widget\" data-widget_type=\"text-editor.default\">\n\t\t\t\t<div class=\"elementor-widget-container\">\n\t\t\t\t\t\t\t\t\t<p>Lyc\u00e9e Fran\u00e7ais International de Taipei (French International School of Taipei, LIFT) has been welcoming students from French and international communities, expatriates and residents.<\/p><p>Its location in the heart of the French community and the city of Taipei, in a green and family neighborhood, makes it an ideal place to work and grow.<\/p><p>If you have any questions, please contact us at: <a href=\"mailto:recruitment@lift.tw\" target=\"_blank\" rel=\"noopener\">recruitment@lift.tw<\/a><\/p><p><strong>Jobs offers and services<\/strong><\/p><div id=\"footable_parent_2873\"\n         class=\" footable_parent ninja_table_wrapper loading_ninja_table wp_table_data_press_parent semantic_ui \">\n                <table data-ninja_table_instance=\"ninja_table_instance_0\" data-footable_id=\"2873\" data-filter-delay=\"1000\" aria-label=\"offres-demplois\"            id=\"footable_2873\"\n           data-unique_identifier=\"ninja_table_unique_id_1015847291_2873\"\n           class=\" foo-table ninja_footable foo_table_2873 ninja_table_unique_id_1015847291_2873 ui table  nt_type_ajax_table selectable striped vertical_centered  footable-paging-right ninja_table_search_disabled\">\n                <colgroup>\n                            <col class=\"ninja_column_0 \">\n                            <col class=\"ninja_column_1 \">\n                            <col class=\"ninja_column_2 \">\n                            <col class=\"ninja_column_3 \">\n                    <\/colgroup>\n            <\/table>\n    \n    \n    \n<\/div>\n<p><strong>Application documents to be provided<\/strong><\/p><p>In accordance with Taiwanese legislation, a visa for teaching positions will only be issued upon proof of 2 years of cumulative, verified experience.<\/p><p>To ensure your application is considered, please respect the following format and compile all required documents into a single PDF document.<\/p><p>1. Submission Guidelines<\/p><p>Email your application to <a href=\"mailto:recruitment@lift.tw\" target=\"_blank\" rel=\"noopener\">recruitment@lift.tw<\/a><\/p><p>Subject line format: Recruitment \u2013 [Position Applied for] \u2013 [Your Full Name]<\/p><p>2. Required Documents<\/p><p>The following documents must be included in a single PDF file:<\/p><ul><li>Curriculum vitae (CV)<\/li><li>Cover letter<\/li><li>Current employment certificate<\/li><li>Copies of diplomas mentioned in your CV<\/li><li>Additional supporting documents, such as certificates, references, experience reports, visit reports etc.<\/li><\/ul><p>3. Additional Documents for Candidates with a French National Education Degree<\/p><ul><li>Copy of the last Promotion Statement<\/li><li>Copy of the latest Rating Certificate<\/li><li>Copies of the last 2 Inspection Reports<\/li><li>iPROF Summary Sheet<\/li><\/ul><p><strong>Application Process<\/strong><\/p><p>1- Submission Deadline<br \/>The date your email is sent will determine whether your application meets the specified deadline.<\/p><p>2- Acknowledgment of Receipt<br \/>The establishment will send an acknowledgement email upon receiving your application.<\/p><p>3- Interview Invitations<br \/>Short-listed candidates will be invited for an interview. If you are not inTaiwan, interviews can be conducted via videoconference .<\/p><p>4- Application Outcome<br \/>Candidates who attend interviews will be notified of the results.<\/p><p>5- Job offer<br \/>Successful candidates will receive a job offer from the Director, along with a draft of a contract.<\/p><p>6- Visa Application and Establishment Information<br \/>Detailed information about the establishment and the visa application procedure will be communicated by email.<\/p><p>\u00a0<\/p>\t\t\t\t\t\t\t\t<\/div>\n\t\t\t\t<\/div>\n\t\t\t\t\t<\/div>\n\t\t\t\t<\/div>\n\t\t\t\t\t<\/div>\n\t\t\t\t<\/div>\n\t\t\t\t<\/div>\n\t\t","protected":false},"excerpt":{"rendered":"<p>Teaching and Administration Lyc\u00e9e Fran\u00e7ais International de Taipei (French International School of Taipei, LIFT) has been welcoming students from French and international communities, expatriates and residents. Its location in the heart of the French community and the city of Taipei, in a green and family neighborhood, makes it an ideal place to work and grow. [&hellip;]<\/p>\n","protected":false},"author":1,"featured_media":0,"parent":0,"menu_order":0,"comment_status":"closed","ping_status":"closed","template":"","meta":{"iawp_total_views":2913,"footnotes":""},"class_list":["post-2829","page","type-page","status-publish","hentry"],"yoast_head":"<!-- This site is optimized with the Yoast SEO plugin v27.0 - https:\/\/yoast.com\/product\/yoast-seo-wordpress\/ -->\n<title>Careers - Lyc\u00e9e International Fran\u00e7ais de Taipei (LIFT)<\/title>\n<meta name=\"robots\" content=\"index, follow, max-snippet:-1, max-image-preview:large, max-video-preview:-1\" \/>\n<link rel=\"canonical\" href=\"https:\/\/lift.tw\/en\/careers\/\" \/>\n<meta property=\"og:locale\" content=\"en_US\" \/>\n<meta property=\"og:type\" content=\"article\" \/>\n<meta property=\"og:title\" content=\"Careers - Lyc\u00e9e International Fran\u00e7ais de Taipei (LIFT)\" \/>\n<meta property=\"og:description\" content=\"Teaching and Administration Lyc\u00e9e Fran\u00e7ais International de Taipei (French International School of Taipei, LIFT) has been welcoming students from French and international communities, expatriates and residents. Its location in the heart of the French community and the city of Taipei, in a green and family neighborhood, makes it an ideal place to work and grow. [&hellip;]\" \/>\n<meta property=\"og:url\" content=\"https:\/\/lift.tw\/en\/careers\/\" \/>\n<meta property=\"og:site_name\" content=\"Lyc\u00e9e International Fran\u00e7ais de Taipei (LIFT)\" \/>\n<meta property=\"article:publisher\" content=\"https:\/\/www.facebook.com\/liftaipei\" \/>\n<meta property=\"article:modified_time\" content=\"2025-12-18T02:34:29+00:00\" \/>\n<meta property=\"og:image\" content=\"https:\/\/lift.tw\/en\/wp-content\/uploads\/2021\/01\/logo_lift.png\" \/>\n\t<meta property=\"og:image:width\" content=\"1460\" \/>\n\t<meta property=\"og:image:height\" content=\"776\" \/>\n\t<meta property=\"og:image:type\" content=\"image\/png\" \/>\n<meta name=\"twitter:card\" content=\"summary_large_image\" \/>\n<meta name=\"twitter:site\" content=\"@liftaipei\" \/>\n<meta name=\"twitter:label1\" content=\"Est. reading time\" \/>\n\t<meta name=\"twitter:data1\" content=\"2 minutes\" \/>\n<script type=\"application\/ld+json\" class=\"yoast-schema-graph\">{\"@context\":\"https:\/\/schema.org\",\"@graph\":[{\"@type\":\"WebPage\",\"@id\":\"https:\/\/lift.tw\/en\/careers\/\",\"url\":\"https:\/\/lift.tw\/en\/careers\/\",\"name\":\"Careers - Lyc\u00e9e International Fran\u00e7ais de Taipei (LIFT)\",\"isPartOf\":{\"@id\":\"https:\/\/lift.tw\/en\/#website\"},\"datePublished\":\"2024-11-28T10:31:15+00:00\",\"dateModified\":\"2025-12-18T02:34:29+00:00\",\"breadcrumb\":{\"@id\":\"https:\/\/lift.tw\/en\/careers\/#breadcrumb\"},\"inLanguage\":\"en-US\",\"potentialAction\":[{\"@type\":\"ReadAction\",\"target\":[\"https:\/\/lift.tw\/en\/careers\/\"]}]},{\"@type\":\"BreadcrumbList\",\"@id\":\"https:\/\/lift.tw\/en\/careers\/#breadcrumb\",\"itemListElement\":[{\"@type\":\"ListItem\",\"position\":1,\"name\":\"Home\",\"item\":\"https:\/\/lift.tw\/en\/\"},{\"@type\":\"ListItem\",\"position\":2,\"name\":\"Careers\"}]},{\"@type\":\"WebSite\",\"@id\":\"https:\/\/lift.tw\/en\/#website\",\"url\":\"https:\/\/lift.tw\/en\/\",\"name\":\"Lyc\u00e9e International Fran\u00e7ais de Taipei (LIFT)\",\"description\":\"A new French School in Taipei\",\"publisher\":{\"@id\":\"https:\/\/lift.tw\/en\/#organization\"},\"potentialAction\":[{\"@type\":\"SearchAction\",\"target\":{\"@type\":\"EntryPoint\",\"urlTemplate\":\"https:\/\/lift.tw\/en\/?s={search_term_string}\"},\"query-input\":{\"@type\":\"PropertyValueSpecification\",\"valueRequired\":true,\"valueName\":\"search_term_string\"}}],\"inLanguage\":\"en-US\"},{\"@type\":\"Organization\",\"@id\":\"https:\/\/lift.tw\/en\/#organization\",\"name\":\"Lyc\u00e9e International Fran\u00e7ais de Taipei (LIFT)\",\"url\":\"https:\/\/lift.tw\/en\/\",\"logo\":{\"@type\":\"ImageObject\",\"inLanguage\":\"en-US\",\"@id\":\"https:\/\/lift.tw\/en\/#\/schema\/logo\/image\/\",\"url\":\"https:\/\/lift.tw\/en\/wp-content\/uploads\/2021\/01\/logo_lift.png\",\"contentUrl\":\"https:\/\/lift.tw\/en\/wp-content\/uploads\/2021\/01\/logo_lift.png\",\"width\":1460,\"height\":776,\"caption\":\"Lyc\u00e9e International Fran\u00e7ais de Taipei (LIFT)\"},\"image\":{\"@id\":\"https:\/\/lift.tw\/en\/#\/schema\/logo\/image\/\"},\"sameAs\":[\"https:\/\/www.facebook.com\/liftaipei\",\"https:\/\/x.com\/liftaipei\",\"https:\/\/www.instagram.com\/liftaipei\/\",\"https:\/\/www.linkedin.com\/company\/lyc\u00e9e-international-fran\u00e7ais-de-taipei\/\",\"https:\/\/www.youtube.com\/channel\/UCDh7r-bfaI3rEONt2l1Ih8A\"]}]}<\/script>\n<!-- \/ Yoast SEO plugin. -->","yoast_head_json":{"title":"Careers - Lyc\u00e9e International Fran\u00e7ais de Taipei (LIFT)","robots":{"index":"index","follow":"follow","max-snippet":"max-snippet:-1","max-image-preview":"max-image-preview:large","max-video-preview":"max-video-preview:-1"},"canonical":"https:\/\/lift.tw\/en\/careers\/","og_locale":"en_US","og_type":"article","og_title":"Careers - Lyc\u00e9e International Fran\u00e7ais de Taipei (LIFT)","og_description":"Teaching and Administration Lyc\u00e9e Fran\u00e7ais International de Taipei (French International School of Taipei, LIFT) has been welcoming students from French and international communities, expatriates and residents. Its location in the heart of the French community and the city of Taipei, in a green and family neighborhood, makes it an ideal place to work and grow. [&hellip;]","og_url":"https:\/\/lift.tw\/en\/careers\/","og_site_name":"Lyc\u00e9e International Fran\u00e7ais de Taipei (LIFT)","article_publisher":"https:\/\/www.facebook.com\/liftaipei","article_modified_time":"2025-12-18T02:34:29+00:00","og_image":[{"width":1460,"height":776,"url":"https:\/\/lift.tw\/en\/wp-content\/uploads\/2021\/01\/logo_lift.png","type":"image\/png"}],"twitter_card":"summary_large_image","twitter_site":"@liftaipei","twitter_misc":{"Est. reading time":"2 minutes"},"schema":{"@context":"https:\/\/schema.org","@graph":[{"@type":"WebPage","@id":"https:\/\/lift.tw\/en\/careers\/","url":"https:\/\/lift.tw\/en\/careers\/","name":"Careers - Lyc\u00e9e International Fran\u00e7ais de Taipei (LIFT)","isPartOf":{"@id":"https:\/\/lift.tw\/en\/#website"},"datePublished":"2024-11-28T10:31:15+00:00","dateModified":"2025-12-18T02:34:29+00:00","breadcrumb":{"@id":"https:\/\/lift.tw\/en\/careers\/#breadcrumb"},"inLanguage":"en-US","potentialAction":[{"@type":"ReadAction","target":["https:\/\/lift.tw\/en\/careers\/"]}]},{"@type":"BreadcrumbList","@id":"https:\/\/lift.tw\/en\/careers\/#breadcrumb","itemListElement":[{"@type":"ListItem","position":1,"name":"Home","item":"https:\/\/lift.tw\/en\/"},{"@type":"ListItem","position":2,"name":"Careers"}]},{"@type":"WebSite","@id":"https:\/\/lift.tw\/en\/#website","url":"https:\/\/lift.tw\/en\/","name":"Lyc\u00e9e International Fran\u00e7ais de Taipei (LIFT)","description":"A new French School in Taipei","publisher":{"@id":"https:\/\/lift.tw\/en\/#organization"},"potentialAction":[{"@type":"SearchAction","target":{"@type":"EntryPoint","urlTemplate":"https:\/\/lift.tw\/en\/?s={search_term_string}"},"query-input":{"@type":"PropertyValueSpecification","valueRequired":true,"valueName":"search_term_string"}}],"inLanguage":"en-US"},{"@type":"Organization","@id":"https:\/\/lift.tw\/en\/#organization","name":"Lyc\u00e9e International Fran\u00e7ais de Taipei (LIFT)","url":"https:\/\/lift.tw\/en\/","logo":{"@type":"ImageObject","inLanguage":"en-US","@id":"https:\/\/lift.tw\/en\/#\/schema\/logo\/image\/","url":"https:\/\/lift.tw\/en\/wp-content\/uploads\/2021\/01\/logo_lift.png","contentUrl":"https:\/\/lift.tw\/en\/wp-content\/uploads\/2021\/01\/logo_lift.png","width":1460,"height":776,"caption":"Lyc\u00e9e International Fran\u00e7ais de Taipei (LIFT)"},"image":{"@id":"https:\/\/lift.tw\/en\/#\/schema\/logo\/image\/"},"sameAs":["https:\/\/www.facebook.com\/liftaipei","https:\/\/x.com\/liftaipei","https:\/\/www.instagram.com\/liftaipei\/","https:\/\/www.linkedin.com\/company\/lyc\u00e9e-international-fran\u00e7ais-de-taipei\/","https:\/\/www.youtube.com\/channel\/UCDh7r-bfaI3rEONt2l1Ih8A"]}]}},"_links":{"self":[{"href":"https:\/\/lift.tw\/en\/wp-json\/wp\/v2\/pages\/2829","targetHints":{"allow":["GET"]}}],"collection":[{"href":"https:\/\/lift.tw\/en\/wp-json\/wp\/v2\/pages"}],"about":[{"href":"https:\/\/lift.tw\/en\/wp-json\/wp\/v2\/types\/page"}],"author":[{"embeddable":true,"href":"https:\/\/lift.tw\/en\/wp-json\/wp\/v2\/users\/1"}],"replies":[{"embeddable":true,"href":"https:\/\/lift.tw\/en\/wp-json\/wp\/v2\/comments?post=2829"}],"version-history":[{"count":40,"href":"https:\/\/lift.tw\/en\/wp-json\/wp\/v2\/pages\/2829\/revisions"}],"predecessor-version":[{"id":6650,"href":"https:\/\/lift.tw\/en\/wp-json\/wp\/v2\/pages\/2829\/revisions\/6650"}],"wp:attachment":[{"href":"https:\/\/lift.tw\/en\/wp-json\/wp\/v2\/media?parent=2829"}],"curies":[{"name":"wp","href":"https:\/\/api.w.org\/{rel}","templated":true}]}}