{"id":2476,"date":"2023-06-15T15:39:17","date_gmt":"2023-06-15T13:39:17","guid":{"rendered":"http:\/\/lift.tw\/en\/?page_id=2476"},"modified":"2025-12-09T22:38:09","modified_gmt":"2025-12-09T14:38:09","slug":"mandarin-teaching-at-primary","status":"publish","type":"page","link":"https:\/\/lift.tw\/en\/mandarin-teaching-at-primary\/","title":{"rendered":"Language Pathways"},"content":{"rendered":"\t\t<div data-elementor-type=\"wp-page\" data-elementor-id=\"2476\" class=\"elementor elementor-2476\" data-elementor-post-type=\"page\">\n\t\t\t\t<div class=\"elementor-element elementor-element-8013247 e-flex e-con-boxed e-con e-parent\" data-id=\"8013247\" data-element_type=\"container\" data-e-type=\"container\" data-settings=\"{&quot;background_background&quot;:&quot;classic&quot;}\">\n\t\t\t\t\t<div class=\"e-con-inner\">\n\t\t<div class=\"elementor-element elementor-element-79fcfd2 e-flex e-con-boxed e-con e-child\" data-id=\"79fcfd2\" data-element_type=\"container\" data-e-type=\"container\" data-settings=\"{&quot;background_background&quot;:&quot;classic&quot;}\">\n\t\t\t\t\t<div class=\"e-con-inner\">\n\t\t\t\t<div class=\"elementor-element elementor-element-bc54755 animated-slow elementor-invisible elementor-widget elementor-widget-heading\" data-id=\"bc54755\" data-element_type=\"widget\" data-e-type=\"widget\" data-settings=\"{&quot;_animation&quot;:&quot;slideInDown&quot;}\" data-widget_type=\"heading.default\">\n\t\t\t\t<div class=\"elementor-widget-container\">\n\t\t\t\t\t<h1 class=\"elementor-heading-title elementor-size-default\">Language Pathways<\/h1>\t\t\t\t<\/div>\n\t\t\t\t<\/div>\n\t\t\t\t\t<\/div>\n\t\t\t\t<\/div>\n\t\t\t\t\t<\/div>\n\t\t\t\t<\/div>\n\t\t<div class=\"elementor-element elementor-element-8c50469 e-flex e-con-boxed e-con e-parent\" data-id=\"8c50469\" data-element_type=\"container\" data-e-type=\"container\" data-settings=\"{&quot;background_background&quot;:&quot;classic&quot;}\">\n\t\t\t\t\t<div class=\"e-con-inner\">\n\t\t<div class=\"elementor-element elementor-element-eab4a61 e-flex e-con-boxed e-con e-child\" data-id=\"eab4a61\" data-element_type=\"container\" data-e-type=\"container\" data-settings=\"{&quot;background_background&quot;:&quot;classic&quot;}\">\n\t\t\t\t\t<div class=\"e-con-inner\">\n\t\t\t\t<div class=\"elementor-element elementor-element-ec19124 elementor-widget elementor-widget-text-editor\" data-id=\"ec19124\" data-element_type=\"widget\" data-e-type=\"widget\" data-widget_type=\"text-editor.default\">\n\t\t\t\t<div class=\"elementor-widget-container\">\n\t\t\t\t\t\t\t\t\t<p>The Lyc\u00e9e International Fran\u00e7ais de Taipei (LIFT) offers a multilingual environment that promotes academic excellence and cultural openness. To support students in their language learning, two specific pathways are offered: the French-English pathway and the French-Mandarin pathway.<\/p>\t\t\t\t\t\t\t\t<\/div>\n\t\t\t\t<\/div>\n\t\t\t\t<div class=\"elementor-element elementor-element-cee2696 elementor-widget elementor-widget-text-editor\" data-id=\"cee2696\" data-element_type=\"widget\" data-e-type=\"widget\" data-widget_type=\"text-editor.default\">\n\t\t\t\t<div class=\"elementor-widget-container\">\n\t\t\t\t\t\t\t\t\t<h4>1. The French-English Pathway<\/h4><p>This bilingual pathway is designed to strengthen English proficiency while maintaining a high level of competence in French. It prepares students to thrive in an international context, particularly in English-speaking or bilingual institutions.<\/p><p><strong>Language instruction hours:<\/strong><\/p><p><strong>Cycle 2<\/strong><\/p><ul><li><strong>English (LV1):<\/strong> 5 hours per week.<\/li><li><strong>Mandarin (LV2):<\/strong> 2 hours per week.<\/li><\/ul><p><strong>Cycle 3<\/strong><\/p><ul><li><strong>English (LV1):<\/strong> 6 hours per week.<\/li><li><strong>Mandarin (LV2):<\/strong> 2 hours per week.<\/li><\/ul><p><strong>Pathway features:<\/strong><\/p><ul><li>In-depth English lessons focused on communication and the analysis of literary and cultural text.<\/li><li>Instruction delivered by native or bilingual teachers.<\/li><li>Subjects partially taught in English, depending on level and pedagogical needs.<\/li><li>Preparation for international certifications (Cambridge, TOEFL, IELTS).<\/li><li>Cultural exchanges and projects linked to English-speaking countries.<\/li><\/ul><p><strong>Educational objectives:<\/strong><\/p><ul><li>Develop fluency in written and spoken English through an immersive approach.<\/li><li>Build a solid foundation in Mandarin through structured and progressive learning.<\/li><li>Promote cultural openness and preparation for international studies.<\/li><\/ul><h4>2. The French-Mandarin Pathway<\/h4><p>This pathway is intended for students seeking advanced proficiency in Mandarin, essential in the Taiwanese and broader Asian context. It encourages early linguistic and cultural immersion.<\/p><p><strong>Language instruction hours:<\/strong><\/p><p><strong>Cycle 2<\/strong><\/p><ul><li><strong>Mandarin (LV1):<\/strong> 5 hours per week.<\/li><li><strong>English (LV2):<\/strong> 2 hours per week.<\/li><\/ul><p><strong>Cycle 3<\/strong><\/p><ul><li><strong>Mandarin (LV1):<\/strong> 6 hours per week.<\/li><li><strong>English (LV2):<\/strong> 2 hours per week.<\/li><\/ul><p><strong>Pathway features:<\/strong><\/p><ul><li>Progressive Mandarin instruction tailored to beginner, intermediate, and advanced levels.<\/li><li>Emphasis on oral communication, character writing, and cultural understanding.<\/li><li>Preparation for recognized Mandarin certifications.<\/li><li>Immersive activities such as cultural outings and interactions with native speakers.<\/li><\/ul><p><strong>Educational objectives:<\/strong><\/p><ul><li>Achieve strong proficiency in both written and spoken Mandarin.<\/li><li>Strengthen English skills through regular exposure.<\/li><li>Foster cultural integration and a deeper understanding of the Chinese-speaking world<\/li><\/ul><p><strong>A Choice Adapted to Students\u2019 Needs<\/strong><\/p><p>LIFT supports each student in their language journey by providing the necessary tools to succeed in an international environment. These pathways combine academic excellence with cultural openness, preparing students for the best future opportunities.<\/p><p>For more information on the pathways and enrollment, feel free <a href=\"https:\/\/lift.tw\/en\/contact\/\">to contact the LIFT teaching team<\/a>.<\/p>\t\t\t\t\t\t\t\t<\/div>\n\t\t\t\t<\/div>\n\t\t\t\t\t<\/div>\n\t\t\t\t<\/div>\n\t\t\t\t\t<\/div>\n\t\t\t\t<\/div>\n\t\t<div class=\"elementor-element elementor-element-37968b4 e-flex e-con-boxed e-con e-parent\" data-id=\"37968b4\" data-element_type=\"container\" data-e-type=\"container\">\n\t\t\t\t\t<div class=\"e-con-inner\">\n\t\t\t\t<div class=\"elementor-element elementor-element-d7a9909 gallery-spacing-custom elementor-widget elementor-widget-image-gallery\" data-id=\"d7a9909\" data-element_type=\"widget\" data-e-type=\"widget\" data-widget_type=\"image-gallery.default\">\n\t\t\t\t<div class=\"elementor-widget-container\">\n\t\t\t\t\t\t\t<div class=\"elementor-image-gallery\">\n\t\t\t<div id='gallery-1' class='gallery galleryid-2476 gallery-columns-4 gallery-size-full'><figure class='gallery-item'>\n\t\t\t<div class='gallery-icon landscape'>\n\t\t\t\t<a data-elementor-open-lightbox=\"yes\" data-elementor-lightbox-slideshow=\"d7a9909\" data-elementor-lightbox-title=\"EN-CP-CE2\" data-e-action-hash=\"#elementor-action%3Aaction%3Dlightbox%26settings%3DeyJpZCI6NjUwMiwidXJsIjoiaHR0cHM6XC9cL2xpZnQudHdcL2VuXC93cC1jb250ZW50XC91cGxvYWRzXC8yMDI1XC8xMlwvRU4tQ1AtQ0UyLndlYnAiLCJzbGlkZXNob3ciOiJkN2E5OTA5In0%3D\" href='https:\/\/lift.tw\/en\/wp-content\/uploads\/2025\/12\/EN-CP-CE2.webp'><img fetchpriority=\"high\" decoding=\"async\" width=\"1920\" height=\"1080\" src=\"https:\/\/lift.tw\/en\/wp-content\/uploads\/2025\/12\/EN-CP-CE2.webp\" class=\"attachment-full size-full\" alt=\"\" srcset=\"https:\/\/lift.tw\/en\/wp-content\/uploads\/2025\/12\/EN-CP-CE2.webp 1920w, https:\/\/lift.tw\/en\/wp-content\/uploads\/2025\/12\/EN-CP-CE2-300x169.webp 300w, https:\/\/lift.tw\/en\/wp-content\/uploads\/2025\/12\/EN-CP-CE2-1024x576.webp 1024w, https:\/\/lift.tw\/en\/wp-content\/uploads\/2025\/12\/EN-CP-CE2-768x432.webp 768w, https:\/\/lift.tw\/en\/wp-content\/uploads\/2025\/12\/EN-CP-CE2-1536x864.webp 1536w\" sizes=\"(max-width: 1920px) 100vw, 1920px\" \/><\/a>\n\t\t\t<\/div><\/figure><figure class='gallery-item'>\n\t\t\t<div class='gallery-icon landscape'>\n\t\t\t\t<a data-elementor-open-lightbox=\"yes\" data-elementor-lightbox-slideshow=\"d7a9909\" data-elementor-lightbox-title=\"EN-CM1-CM2\" data-e-action-hash=\"#elementor-action%3Aaction%3Dlightbox%26settings%3DeyJpZCI6NjUwNCwidXJsIjoiaHR0cHM6XC9cL2xpZnQudHdcL2VuXC93cC1jb250ZW50XC91cGxvYWRzXC8yMDI1XC8xMlwvRU4tQ00xLUNNMi53ZWJwIiwic2xpZGVzaG93IjoiZDdhOTkwOSJ9\" href='https:\/\/lift.tw\/en\/wp-content\/uploads\/2025\/12\/EN-CM1-CM2.webp'><img decoding=\"async\" width=\"1920\" height=\"1080\" src=\"https:\/\/lift.tw\/en\/wp-content\/uploads\/2025\/12\/EN-CM1-CM2.webp\" class=\"attachment-full size-full\" alt=\"\" srcset=\"https:\/\/lift.tw\/en\/wp-content\/uploads\/2025\/12\/EN-CM1-CM2.webp 1920w, https:\/\/lift.tw\/en\/wp-content\/uploads\/2025\/12\/EN-CM1-CM2-300x169.webp 300w, https:\/\/lift.tw\/en\/wp-content\/uploads\/2025\/12\/EN-CM1-CM2-1024x576.webp 1024w, https:\/\/lift.tw\/en\/wp-content\/uploads\/2025\/12\/EN-CM1-CM2-768x432.webp 768w, https:\/\/lift.tw\/en\/wp-content\/uploads\/2025\/12\/EN-CM1-CM2-1536x864.webp 1536w\" sizes=\"(max-width: 1920px) 100vw, 1920px\" \/><\/a>\n\t\t\t<\/div><\/figure><figure class='gallery-item'>\n\t\t\t<div class='gallery-icon landscape'>\n\t\t\t\t<a data-elementor-open-lightbox=\"yes\" data-elementor-lightbox-slideshow=\"d7a9909\" data-elementor-lightbox-title=\"CH-CP-CE2\" data-e-action-hash=\"#elementor-action%3Aaction%3Dlightbox%26settings%3DeyJpZCI6NjUwNSwidXJsIjoiaHR0cHM6XC9cL2xpZnQudHdcL2VuXC93cC1jb250ZW50XC91cGxvYWRzXC8yMDI1XC8xMlwvQ0gtQ1AtQ0UyLndlYnAiLCJzbGlkZXNob3ciOiJkN2E5OTA5In0%3D\" href='https:\/\/lift.tw\/en\/wp-content\/uploads\/2025\/12\/CH-CP-CE2.webp'><img decoding=\"async\" width=\"1920\" height=\"1080\" src=\"https:\/\/lift.tw\/en\/wp-content\/uploads\/2025\/12\/CH-CP-CE2.webp\" class=\"attachment-full size-full\" alt=\"\" srcset=\"https:\/\/lift.tw\/en\/wp-content\/uploads\/2025\/12\/CH-CP-CE2.webp 1920w, https:\/\/lift.tw\/en\/wp-content\/uploads\/2025\/12\/CH-CP-CE2-300x169.webp 300w, https:\/\/lift.tw\/en\/wp-content\/uploads\/2025\/12\/CH-CP-CE2-1024x576.webp 1024w, https:\/\/lift.tw\/en\/wp-content\/uploads\/2025\/12\/CH-CP-CE2-768x432.webp 768w, https:\/\/lift.tw\/en\/wp-content\/uploads\/2025\/12\/CH-CP-CE2-1536x864.webp 1536w\" sizes=\"(max-width: 1920px) 100vw, 1920px\" \/><\/a>\n\t\t\t<\/div><\/figure><figure class='gallery-item'>\n\t\t\t<div class='gallery-icon landscape'>\n\t\t\t\t<a data-elementor-open-lightbox=\"yes\" data-elementor-lightbox-slideshow=\"d7a9909\" data-elementor-lightbox-title=\"CH-CM1-CM2\" data-e-action-hash=\"#elementor-action%3Aaction%3Dlightbox%26settings%3DeyJpZCI6NjUwMywidXJsIjoiaHR0cHM6XC9cL2xpZnQudHdcL2VuXC93cC1jb250ZW50XC91cGxvYWRzXC8yMDI1XC8xMlwvQ0gtQ00xLUNNMi53ZWJwIiwic2xpZGVzaG93IjoiZDdhOTkwOSJ9\" href='https:\/\/lift.tw\/en\/wp-content\/uploads\/2025\/12\/CH-CM1-CM2.webp'><img loading=\"lazy\" decoding=\"async\" width=\"1920\" height=\"1080\" src=\"https:\/\/lift.tw\/en\/wp-content\/uploads\/2025\/12\/CH-CM1-CM2.webp\" class=\"attachment-full size-full\" alt=\"\" srcset=\"https:\/\/lift.tw\/en\/wp-content\/uploads\/2025\/12\/CH-CM1-CM2.webp 1920w, https:\/\/lift.tw\/en\/wp-content\/uploads\/2025\/12\/CH-CM1-CM2-300x169.webp 300w, https:\/\/lift.tw\/en\/wp-content\/uploads\/2025\/12\/CH-CM1-CM2-1024x576.webp 1024w, https:\/\/lift.tw\/en\/wp-content\/uploads\/2025\/12\/CH-CM1-CM2-768x432.webp 768w, https:\/\/lift.tw\/en\/wp-content\/uploads\/2025\/12\/CH-CM1-CM2-1536x864.webp 1536w\" sizes=\"(max-width: 1920px) 100vw, 1920px\" \/><\/a>\n\t\t\t<\/div><\/figure>\n\t\t<\/div>\n\t\t<\/div>\n\t\t\t\t\t\t<\/div>\n\t\t\t\t<\/div>\n\t\t\t\t<div class=\"elementor-element elementor-element-7de3eda elementor-widget elementor-widget-heading\" data-id=\"7de3eda\" data-element_type=\"widget\" data-e-type=\"widget\" data-widget_type=\"heading.default\">\n\t\t\t\t<div class=\"elementor-widget-container\">\n\t\t\t\t\t<p class=\"elementor-heading-title elementor-size-default\">Click on the image to enlarge it<\/p>\t\t\t\t<\/div>\n\t\t\t\t<\/div>\n\t\t\t\t\t<\/div>\n\t\t\t\t<\/div>\n\t\t\t\t<\/div>\n\t\t","protected":false},"excerpt":{"rendered":"<p>Language Pathways The Lyc\u00e9e International Fran\u00e7ais de Taipei (LIFT) offers a multilingual environment that promotes academic excellence and cultural openness. To support students in their language learning, two specific pathways are offered: the French-English pathway and the French-Mandarin pathway. 1. The French-English Pathway This bilingual pathway is designed to strengthen English proficiency while maintaining a [&hellip;]<\/p>\n","protected":false},"author":1,"featured_media":0,"parent":0,"menu_order":0,"comment_status":"closed","ping_status":"closed","template":"","meta":{"iawp_total_views":388,"footnotes":""},"class_list":["post-2476","page","type-page","status-publish","hentry"],"yoast_head":"<!-- This site is optimized with the Yoast SEO plugin v27.0 - https:\/\/yoast.com\/product\/yoast-seo-wordpress\/ -->\n<title>Language Pathways - Lyc\u00e9e International Fran\u00e7ais de Taipei (LIFT)<\/title>\n<meta name=\"robots\" content=\"index, follow, max-snippet:-1, max-image-preview:large, max-video-preview:-1\" \/>\n<link rel=\"canonical\" href=\"https:\/\/lift.tw\/en\/mandarin-teaching-at-primary\/\" \/>\n<meta property=\"og:locale\" content=\"en_US\" \/>\n<meta property=\"og:type\" content=\"article\" \/>\n<meta property=\"og:title\" content=\"Language Pathways - Lyc\u00e9e International Fran\u00e7ais de Taipei (LIFT)\" \/>\n<meta property=\"og:description\" content=\"Language Pathways The Lyc\u00e9e International Fran\u00e7ais de Taipei (LIFT) offers a multilingual environment that promotes academic excellence and cultural openness. To support students in their language learning, two specific pathways are offered: the French-English pathway and the French-Mandarin pathway. 1. The French-English Pathway This bilingual pathway is designed to strengthen English proficiency while maintaining a [&hellip;]\" \/>\n<meta property=\"og:url\" content=\"https:\/\/lift.tw\/en\/mandarin-teaching-at-primary\/\" \/>\n<meta property=\"og:site_name\" content=\"Lyc\u00e9e International Fran\u00e7ais de Taipei (LIFT)\" \/>\n<meta property=\"article:publisher\" content=\"https:\/\/www.facebook.com\/liftaipei\" \/>\n<meta property=\"article:modified_time\" content=\"2025-12-09T14:38:09+00:00\" \/>\n<meta property=\"og:image\" content=\"http:\/\/lift.tw\/en\/wp-content\/uploads\/2025\/12\/EN-CP-CE2.webp\" \/>\n<meta name=\"twitter:card\" content=\"summary_large_image\" \/>\n<meta name=\"twitter:site\" content=\"@liftaipei\" \/>\n<meta name=\"twitter:label1\" content=\"Est. reading time\" \/>\n\t<meta name=\"twitter:data1\" content=\"2 minutes\" \/>\n<script type=\"application\/ld+json\" class=\"yoast-schema-graph\">{\"@context\":\"https:\/\/schema.org\",\"@graph\":[{\"@type\":\"WebPage\",\"@id\":\"https:\/\/lift.tw\/en\/mandarin-teaching-at-primary\/\",\"url\":\"https:\/\/lift.tw\/en\/mandarin-teaching-at-primary\/\",\"name\":\"Language Pathways - Lyc\u00e9e International Fran\u00e7ais de Taipei (LIFT)\",\"isPartOf\":{\"@id\":\"https:\/\/lift.tw\/en\/#website\"},\"primaryImageOfPage\":{\"@id\":\"https:\/\/lift.tw\/en\/mandarin-teaching-at-primary\/#primaryimage\"},\"image\":{\"@id\":\"https:\/\/lift.tw\/en\/mandarin-teaching-at-primary\/#primaryimage\"},\"thumbnailUrl\":\"http:\/\/lift.tw\/en\/wp-content\/uploads\/2025\/12\/EN-CP-CE2.webp\",\"datePublished\":\"2023-06-15T13:39:17+00:00\",\"dateModified\":\"2025-12-09T14:38:09+00:00\",\"breadcrumb\":{\"@id\":\"https:\/\/lift.tw\/en\/mandarin-teaching-at-primary\/#breadcrumb\"},\"inLanguage\":\"en-US\",\"potentialAction\":[{\"@type\":\"ReadAction\",\"target\":[\"https:\/\/lift.tw\/en\/mandarin-teaching-at-primary\/\"]}]},{\"@type\":\"ImageObject\",\"inLanguage\":\"en-US\",\"@id\":\"https:\/\/lift.tw\/en\/mandarin-teaching-at-primary\/#primaryimage\",\"url\":\"https:\/\/lift.tw\/en\/wp-content\/uploads\/2025\/12\/EN-CP-CE2.webp\",\"contentUrl\":\"https:\/\/lift.tw\/en\/wp-content\/uploads\/2025\/12\/EN-CP-CE2.webp\",\"width\":1920,\"height\":1080},{\"@type\":\"BreadcrumbList\",\"@id\":\"https:\/\/lift.tw\/en\/mandarin-teaching-at-primary\/#breadcrumb\",\"itemListElement\":[{\"@type\":\"ListItem\",\"position\":1,\"name\":\"Home\",\"item\":\"https:\/\/lift.tw\/en\/\"},{\"@type\":\"ListItem\",\"position\":2,\"name\":\"Language Pathways\"}]},{\"@type\":\"WebSite\",\"@id\":\"https:\/\/lift.tw\/en\/#website\",\"url\":\"https:\/\/lift.tw\/en\/\",\"name\":\"Lyc\u00e9e International Fran\u00e7ais de Taipei (LIFT)\",\"description\":\"A new French School in Taipei\",\"publisher\":{\"@id\":\"https:\/\/lift.tw\/en\/#organization\"},\"potentialAction\":[{\"@type\":\"SearchAction\",\"target\":{\"@type\":\"EntryPoint\",\"urlTemplate\":\"https:\/\/lift.tw\/en\/?s={search_term_string}\"},\"query-input\":{\"@type\":\"PropertyValueSpecification\",\"valueRequired\":true,\"valueName\":\"search_term_string\"}}],\"inLanguage\":\"en-US\"},{\"@type\":\"Organization\",\"@id\":\"https:\/\/lift.tw\/en\/#organization\",\"name\":\"Lyc\u00e9e International Fran\u00e7ais de Taipei (LIFT)\",\"url\":\"https:\/\/lift.tw\/en\/\",\"logo\":{\"@type\":\"ImageObject\",\"inLanguage\":\"en-US\",\"@id\":\"https:\/\/lift.tw\/en\/#\/schema\/logo\/image\/\",\"url\":\"https:\/\/lift.tw\/en\/wp-content\/uploads\/2021\/01\/logo_lift.png\",\"contentUrl\":\"https:\/\/lift.tw\/en\/wp-content\/uploads\/2021\/01\/logo_lift.png\",\"width\":1460,\"height\":776,\"caption\":\"Lyc\u00e9e International Fran\u00e7ais de Taipei (LIFT)\"},\"image\":{\"@id\":\"https:\/\/lift.tw\/en\/#\/schema\/logo\/image\/\"},\"sameAs\":[\"https:\/\/www.facebook.com\/liftaipei\",\"https:\/\/x.com\/liftaipei\",\"https:\/\/www.instagram.com\/liftaipei\/\",\"https:\/\/www.linkedin.com\/company\/lyc\u00e9e-international-fran\u00e7ais-de-taipei\/\",\"https:\/\/www.youtube.com\/channel\/UCDh7r-bfaI3rEONt2l1Ih8A\"]}]}<\/script>\n<!-- \/ Yoast SEO plugin. -->","yoast_head_json":{"title":"Language Pathways - Lyc\u00e9e International Fran\u00e7ais de Taipei (LIFT)","robots":{"index":"index","follow":"follow","max-snippet":"max-snippet:-1","max-image-preview":"max-image-preview:large","max-video-preview":"max-video-preview:-1"},"canonical":"https:\/\/lift.tw\/en\/mandarin-teaching-at-primary\/","og_locale":"en_US","og_type":"article","og_title":"Language Pathways - Lyc\u00e9e International Fran\u00e7ais de Taipei (LIFT)","og_description":"Language Pathways The Lyc\u00e9e International Fran\u00e7ais de Taipei (LIFT) offers a multilingual environment that promotes academic excellence and cultural openness. To support students in their language learning, two specific pathways are offered: the French-English pathway and the French-Mandarin pathway. 1. The French-English Pathway This bilingual pathway is designed to strengthen English proficiency while maintaining a [&hellip;]","og_url":"https:\/\/lift.tw\/en\/mandarin-teaching-at-primary\/","og_site_name":"Lyc\u00e9e International Fran\u00e7ais de Taipei (LIFT)","article_publisher":"https:\/\/www.facebook.com\/liftaipei","article_modified_time":"2025-12-09T14:38:09+00:00","og_image":[{"url":"http:\/\/lift.tw\/en\/wp-content\/uploads\/2025\/12\/EN-CP-CE2.webp","type":"","width":"","height":""}],"twitter_card":"summary_large_image","twitter_site":"@liftaipei","twitter_misc":{"Est. reading time":"2 minutes"},"schema":{"@context":"https:\/\/schema.org","@graph":[{"@type":"WebPage","@id":"https:\/\/lift.tw\/en\/mandarin-teaching-at-primary\/","url":"https:\/\/lift.tw\/en\/mandarin-teaching-at-primary\/","name":"Language Pathways - Lyc\u00e9e International Fran\u00e7ais de Taipei (LIFT)","isPartOf":{"@id":"https:\/\/lift.tw\/en\/#website"},"primaryImageOfPage":{"@id":"https:\/\/lift.tw\/en\/mandarin-teaching-at-primary\/#primaryimage"},"image":{"@id":"https:\/\/lift.tw\/en\/mandarin-teaching-at-primary\/#primaryimage"},"thumbnailUrl":"http:\/\/lift.tw\/en\/wp-content\/uploads\/2025\/12\/EN-CP-CE2.webp","datePublished":"2023-06-15T13:39:17+00:00","dateModified":"2025-12-09T14:38:09+00:00","breadcrumb":{"@id":"https:\/\/lift.tw\/en\/mandarin-teaching-at-primary\/#breadcrumb"},"inLanguage":"en-US","potentialAction":[{"@type":"ReadAction","target":["https:\/\/lift.tw\/en\/mandarin-teaching-at-primary\/"]}]},{"@type":"ImageObject","inLanguage":"en-US","@id":"https:\/\/lift.tw\/en\/mandarin-teaching-at-primary\/#primaryimage","url":"https:\/\/lift.tw\/en\/wp-content\/uploads\/2025\/12\/EN-CP-CE2.webp","contentUrl":"https:\/\/lift.tw\/en\/wp-content\/uploads\/2025\/12\/EN-CP-CE2.webp","width":1920,"height":1080},{"@type":"BreadcrumbList","@id":"https:\/\/lift.tw\/en\/mandarin-teaching-at-primary\/#breadcrumb","itemListElement":[{"@type":"ListItem","position":1,"name":"Home","item":"https:\/\/lift.tw\/en\/"},{"@type":"ListItem","position":2,"name":"Language Pathways"}]},{"@type":"WebSite","@id":"https:\/\/lift.tw\/en\/#website","url":"https:\/\/lift.tw\/en\/","name":"Lyc\u00e9e International Fran\u00e7ais de Taipei (LIFT)","description":"A new French School in Taipei","publisher":{"@id":"https:\/\/lift.tw\/en\/#organization"},"potentialAction":[{"@type":"SearchAction","target":{"@type":"EntryPoint","urlTemplate":"https:\/\/lift.tw\/en\/?s={search_term_string}"},"query-input":{"@type":"PropertyValueSpecification","valueRequired":true,"valueName":"search_term_string"}}],"inLanguage":"en-US"},{"@type":"Organization","@id":"https:\/\/lift.tw\/en\/#organization","name":"Lyc\u00e9e International Fran\u00e7ais de Taipei (LIFT)","url":"https:\/\/lift.tw\/en\/","logo":{"@type":"ImageObject","inLanguage":"en-US","@id":"https:\/\/lift.tw\/en\/#\/schema\/logo\/image\/","url":"https:\/\/lift.tw\/en\/wp-content\/uploads\/2021\/01\/logo_lift.png","contentUrl":"https:\/\/lift.tw\/en\/wp-content\/uploads\/2021\/01\/logo_lift.png","width":1460,"height":776,"caption":"Lyc\u00e9e International Fran\u00e7ais de Taipei (LIFT)"},"image":{"@id":"https:\/\/lift.tw\/en\/#\/schema\/logo\/image\/"},"sameAs":["https:\/\/www.facebook.com\/liftaipei","https:\/\/x.com\/liftaipei","https:\/\/www.instagram.com\/liftaipei\/","https:\/\/www.linkedin.com\/company\/lyc\u00e9e-international-fran\u00e7ais-de-taipei\/","https:\/\/www.youtube.com\/channel\/UCDh7r-bfaI3rEONt2l1Ih8A"]}]}},"_links":{"self":[{"href":"https:\/\/lift.tw\/en\/wp-json\/wp\/v2\/pages\/2476","targetHints":{"allow":["GET"]}}],"collection":[{"href":"https:\/\/lift.tw\/en\/wp-json\/wp\/v2\/pages"}],"about":[{"href":"https:\/\/lift.tw\/en\/wp-json\/wp\/v2\/types\/page"}],"author":[{"embeddable":true,"href":"https:\/\/lift.tw\/en\/wp-json\/wp\/v2\/users\/1"}],"replies":[{"embeddable":true,"href":"https:\/\/lift.tw\/en\/wp-json\/wp\/v2\/comments?post=2476"}],"version-history":[{"count":24,"href":"https:\/\/lift.tw\/en\/wp-json\/wp\/v2\/pages\/2476\/revisions"}],"predecessor-version":[{"id":6861,"href":"https:\/\/lift.tw\/en\/wp-json\/wp\/v2\/pages\/2476\/revisions\/6861"}],"wp:attachment":[{"href":"https:\/\/lift.tw\/en\/wp-json\/wp\/v2\/media?parent=2476"}],"curies":[{"name":"wp","href":"https:\/\/api.w.org\/{rel}","templated":true}]}}